{"id":254,"date":"2018-11-05T02:16:30","date_gmt":"2018-11-05T05:16:30","guid":{"rendered":"http:\/\/comunitaria.ufro.cl\/?page_id=254"},"modified":"2022-01-18T22:35:31","modified_gmt":"2022-01-19T01:35:31","slug":"jaime-alfaro-inzunza","status":"publish","type":"page","link":"https:\/\/comunitaria.ufro.cl\/index.php\/jaime-alfaro-inzunza\/","title":{"rendered":"JAIME ALFARO INZUNZA"},"content":{"rendered":"<p><strong>Dr. Jaime Alfaro Inzunza. Universidad de Chile- Universidad del Desarrollo<\/strong><br \/>\n<em>Permanente<\/em><\/p>\n<hr \/>\n<p>Doctor en Psicolog\u00eda de la Universidad de Girona, Espa\u00f1a. M\u00e1ster en Intervenci\u00f3n Psicosocial de la Universidad de Barcelona. Psic\u00f3logo de la Pontificia Universidad Cat\u00f3lica de Chile.<\/p>\n<p>Es el profesor responsable de la asignatura de Pol\u00edticas P\u00fablicas y Desarrollo Comunitario del Mag\u00edster, Director de tesis de grado y miembro de Comit\u00e9 Acad\u00e9mico del programa de postgrado.<\/p>\n<p>Profesor Titular de la\u00a0Facultad de Psicolog\u00eda Universidad del Desarrollo.<\/p>\n<p>Investigador del Centro de Estudios en Bienestar y Convivencia Social\u00a0(<a href=\"http:\/\/www.psicologia.udd.cl\/cebcs\/\">CEBCS<\/a>). Miembro del Claustro del Doctorado en Ciencias del Desarrollo y Psicopatolog\u00eda (DCDP) de la Facultad de Psicolog\u00eda Universidad del Desarrollo.\u00a0Profesor Planta Adjunta Facultad de Ciencias Sociales, Escuela de Psicolog\u00eda, Pontificia Universidad Cat\u00f3lica de Chile.<\/p>\n<p>Ha publicado m\u00faltiples art\u00edculos en importantes revistas cient\u00edficas y libros especializados en temas vinculados al desarrollos te\u00f3ricos en Psicolog\u00eda Comunitaria, pol\u00edticas p\u00fablicas y Psicolog\u00eda Comunitaria, y el estudio de Bienestar Subjetivo en infancia y adolescencia.<\/p>\n<p>Miembro de comit\u00e9s editoriales y revisor de revistas cient\u00edficas a nivel nacional e internacional. Miembro de la Sociedad Cient\u00edfica de Psicolog\u00eda de Chile. Miembro fundador de la Sociedad Chilena de Psicolog\u00eda Comunitaria.<\/p>\n<p>Pertenece al Grupo de Trabajo (GT) Sa\u00fade Comunit\u00e1ria, que hace parte de la Asociaci\u00f3n Nacional de Investigaci\u00f3n y Postgrado en Psicolog\u00eda (ANPEPP) en Brasil . Fue presidente de la VII Conferencia Internacional de Psicolog\u00eda Comunitaria realizada del 5 al 8 de octubre del 2018, Santiago-Chile.<\/p>\n","protected":false},"excerpt":{"rendered":"<p>Dr. Jaime Alfaro Inzunza. Universidad de Chile- Universidad del Desarrollo Permanente Doctor en Psicolog\u00eda de la Universidad de Girona, Espa\u00f1a. M\u00e1ster en Intervenci\u00f3n Psicosocial de la Universidad de Barcelona. Psic\u00f3logo de la Pontificia Universidad Cat\u00f3lica de Chile. Es el profesor responsable de la asignatura de Pol\u00edticas P\u00fablicas y Desarrollo Comunitario del Mag\u00edster, Director de tesis&hellip; <br \/> <a class=\"button small blue\" href=\"https:\/\/comunitaria.ufro.cl\/index.php\/jaime-alfaro-inzunza\/\">Leer m\u00e1s<\/a><\/p>\n","protected":false},"author":1,"featured_media":168,"parent":0,"menu_order":0,"comment_status":"closed","ping_status":"closed","template":"page-nosidebar.php","meta":{"footnotes":""},"_links":{"self":[{"href":"https:\/\/comunitaria.ufro.cl\/index.php\/wp-json\/wp\/v2\/pages\/254"}],"collection":[{"href":"https:\/\/comunitaria.ufro.cl\/index.php\/wp-json\/wp\/v2\/pages"}],"about":[{"href":"https:\/\/comunitaria.ufro.cl\/index.php\/wp-json\/wp\/v2\/types\/page"}],"author":[{"embeddable":true,"href":"https:\/\/comunitaria.ufro.cl\/index.php\/wp-json\/wp\/v2\/users\/1"}],"replies":[{"embeddable":true,"href":"https:\/\/comunitaria.ufro.cl\/index.php\/wp-json\/wp\/v2\/comments?post=254"}],"version-history":[{"count":2,"href":"https:\/\/comunitaria.ufro.cl\/index.php\/wp-json\/wp\/v2\/pages\/254\/revisions"}],"predecessor-version":[{"id":2957,"href":"https:\/\/comunitaria.ufro.cl\/index.php\/wp-json\/wp\/v2\/pages\/254\/revisions\/2957"}],"wp:featuredmedia":[{"embeddable":true,"href":"https:\/\/comunitaria.ufro.cl\/index.php\/wp-json\/wp\/v2\/media\/168"}],"wp:attachment":[{"href":"https:\/\/comunitaria.ufro.cl\/index.php\/wp-json\/wp\/v2\/media?parent=254"}],"curies":[{"name":"wp","href":"https:\/\/api.w.org\/{rel}","templated":true}]}}