{"id":259,"date":"2018-11-05T02:19:33","date_gmt":"2018-11-05T05:19:33","guid":{"rendered":"http:\/\/comunitaria.ufro.cl\/?page_id=259"},"modified":"2022-01-18T22:35:30","modified_gmt":"2022-01-19T01:35:30","slug":"gonzalo-bustamante-rivera","status":"publish","type":"page","link":"https:\/\/comunitaria.ufro.cl\/index.php\/gonzalo-bustamante-rivera\/","title":{"rendered":"GONZALO BUSTAMANTE RIVERA"},"content":{"rendered":"<p><strong>Dr. Gonzalo Bustamante Rivera. Universidad de La Frontera<\/strong><br \/>\n<em>Permanente\u00a0 \u00a0\u00a0<\/em><em>Linea de investigaci\u00f3n: Pueblos Ind\u00edgenas, Poder, Territorio y Resistencia\u00a0<\/em><\/p>\n<hr \/>\n<p>Psic\u00f3logo. Licenciatura en Psicolog\u00eda (UFRO), Magister en Desarrollo Humano Local y Regional\u00a0 (UFRO) y candidato a doctor en Ciencias Sociales Aplicadas (Universit\u00e9 du Qu\u00e9bec en Outaouais, Canad\u00e1). Acad\u00e9mico UFRO, docencia de pre y postgrado e investigaci\u00f3n.<\/p>\n<p>En el Magister es profesor de la asignatura de \u00c9tica de la Intervenci\u00f3n social. Miembro de Comit\u00e9 Acad\u00e9mico del programa de postgrado.<\/p>\n<p>Es representante de Psicolog\u00eda ante el Consejo de Facultad de Educaci\u00f3n, Ciencias Sociales y Humanidades. Adem\u00e1s, miembro del Comit\u00e9 para la Formulaci\u00f3n del Protocolo de G\u00e9nero de la Facultad y representante de Asamblea Biestamental de Mujeres en Comisi\u00f3n de Formulaci\u00f3n de Protocolo de G\u00e9nero. Cofundador de la organizaci\u00f3n estudiantil Amicale Autochtone de l&#8217;UQO, Canad\u00e1.<\/p>\n<p>Voluntario en Red de Defensa de los Territorios, y en la Red de Peritos Independientes y colaborador de la Red por una Infancia Libre y sin Represi\u00f3n de la Regi\u00f3n de la Araucan\u00eda.<\/p>\n<p>Miembro de la Sociedad Chilena de Psicolog\u00eda Comunitaria. Miembro del CIERA (Centro de Investigaci\u00f3n Interdisciplinaria en asuntos Ind\u00edgenas de Canad\u00e1) y miembro de PAIR-GN (Red de Investigadores PanAmericanos de Gobernanza de Recursos Naturales), adscrito al N\u00facleo cient\u00edfico de Ciencias Sociales UFRO.<\/p>\n<p>L\u00edneas de investigaci\u00f3n actuales: Gobernanza de la extracci\u00f3n de recursos naturales en territorios ind\u00edgenas. Autodeterminaci\u00f3n y gobernanza ind\u00edgena del territorio. Din\u00e1micas de subjetivaci\u00f3n y sujeci\u00f3n ind\u00edgena en iniciativas de salud intercultural, educaci\u00f3n intercultural e intervenci\u00f3n psicosocial. Implementaci\u00f3n de derechos ind\u00edgenas. \u00c9tica de la investigaci\u00f3n en contextos ind\u00edgenas.<\/p>\n","protected":false},"excerpt":{"rendered":"<p>Dr. Gonzalo Bustamante Rivera. Universidad de La Frontera Permanente\u00a0 \u00a0\u00a0Linea de investigaci\u00f3n: Pueblos Ind\u00edgenas, Poder, Territorio y Resistencia\u00a0 Psic\u00f3logo. Licenciatura en Psicolog\u00eda (UFRO), Magister en Desarrollo Humano Local y Regional\u00a0 (UFRO) y candidato a doctor en Ciencias Sociales Aplicadas (Universit\u00e9 du Qu\u00e9bec en Outaouais, Canad\u00e1). Acad\u00e9mico UFRO, docencia de pre y postgrado e investigaci\u00f3n. En&hellip; <br \/> <a class=\"button small blue\" href=\"https:\/\/comunitaria.ufro.cl\/index.php\/gonzalo-bustamante-rivera\/\">Leer m\u00e1s<\/a><\/p>\n","protected":false},"author":1,"featured_media":58,"parent":0,"menu_order":0,"comment_status":"closed","ping_status":"closed","template":"page-nosidebar.php","meta":{"footnotes":""},"_links":{"self":[{"href":"https:\/\/comunitaria.ufro.cl\/index.php\/wp-json\/wp\/v2\/pages\/259"}],"collection":[{"href":"https:\/\/comunitaria.ufro.cl\/index.php\/wp-json\/wp\/v2\/pages"}],"about":[{"href":"https:\/\/comunitaria.ufro.cl\/index.php\/wp-json\/wp\/v2\/types\/page"}],"author":[{"embeddable":true,"href":"https:\/\/comunitaria.ufro.cl\/index.php\/wp-json\/wp\/v2\/users\/1"}],"replies":[{"embeddable":true,"href":"https:\/\/comunitaria.ufro.cl\/index.php\/wp-json\/wp\/v2\/comments?post=259"}],"version-history":[{"count":2,"href":"https:\/\/comunitaria.ufro.cl\/index.php\/wp-json\/wp\/v2\/pages\/259\/revisions"}],"predecessor-version":[{"id":1218,"href":"https:\/\/comunitaria.ufro.cl\/index.php\/wp-json\/wp\/v2\/pages\/259\/revisions\/1218"}],"wp:featuredmedia":[{"embeddable":true,"href":"https:\/\/comunitaria.ufro.cl\/index.php\/wp-json\/wp\/v2\/media\/58"}],"wp:attachment":[{"href":"https:\/\/comunitaria.ufro.cl\/index.php\/wp-json\/wp\/v2\/media?parent=259"}],"curies":[{"name":"wp","href":"https:\/\/api.w.org\/{rel}","templated":true}]}}