{"id":271,"date":"2018-11-05T02:25:39","date_gmt":"2018-11-05T05:25:39","guid":{"rendered":"http:\/\/comunitaria.ufro.cl\/?page_id=271"},"modified":"2023-07-17T11:18:04","modified_gmt":"2023-07-17T14:18:04","slug":"erik-lombaert-2","status":"publish","type":"page","link":"https:\/\/comunitaria.ufro.cl\/index.php\/erik-lombaert-2\/","title":{"rendered":"ERIK LOMBAERT"},"content":{"rendered":"<p><strong>Mg. Erik Lombaert &#8211; Universidad de La Frontera<\/strong><br \/>\n<em>Colaborador<\/em><\/p>\n<hr \/>\n<p><span style=\"font-weight: 400;\">Trabajador Social \u2013 Magister en Ciencias Sociales Aplicadas \u2013 Licenciado en Derecho.<\/span><\/p>\n<p><span style=\"font-weight: 400;\">Miembro de Comit\u00e9 Acad\u00e9mico y equipo de Mejora Continua 2023. Profesor de asignatura electiva Derechos de la Infancia del programa y director de tesis de grado del Mag\u00edster.<\/span><\/p>\n<p><span style=\"font-weight: 400;\">Erik Lombaert naci\u00f3 en Flandes, B\u00e9lgica, y vive en Chile desde 1989, dedicado a la promoci\u00f3n de los <\/span><span style=\"font-weight: 400;\">Derechos Fundamentales de las Ni\u00f1eces y Adolescencias<\/span><span style=\"font-weight: 400;\">, con experiencia laboral con ni\u00f1os, ni\u00f1as, adolescentes, familias y comunidades, grupos, agrupaciones, organizaciones y redes sociales (desde 1989).<\/span><\/p>\n<p><span style=\"font-weight: 400;\">Trabajador social (Universidad Academia de Humanismo Cristiano, Santiago de Chile) con mag\u00edster en Ciencias Sociales Aplicadas (Universidad de la Frontera, Temuco, Chile), licenciatura en trabajo social (Universidad Alberto Hurtado, Santiago de Chile) y en derecho (Universidad Cat\u00f3lica de Lovaina, B\u00e9lgica), post-t\u00edtulos en criminolog\u00eda (Universidad Cat\u00f3lica de Chile) y psicolog\u00eda social (Universidad Diego Portales, Santiago de Chile). Autor de los libros \u201cTrayectorias de exclusi\u00f3n social. Ni\u00f1os, ni\u00f1as y j\u00f3venes de quienes se alega haber infringido las leyes penales\u201d (Editorial Acad\u00e9micas Espa\u00f1ola, 2011) y \u201cComplementariedad de la judicializaci\u00f3n y el trabajo social. Ni\u00f1os, ni\u00f1as y adolescentes amenazados, restringidos o vulnerados en el goce y ejercicio de sus derechos fundamentales\u201d (Editorial Acad\u00e9micas Espa\u00f1ola, 2013), tesis \u201cLa judicializaci\u00f3n de conflictos interaccionales que involucran a ni\u00f1os, ni\u00f1as y adolescentes en las pr\u00e1cticas discursivas de profesionales\u201d (Temuco: Universidad de la Frontera, 2016), adem\u00e1s de art\u00edculos sobre derechos humanos de ni\u00f1os, ni\u00f1as y adolescentes.\u00a0 <\/span><span style=\"font-weight: 400;\">Est\u00e1 cursando el Doctorado en Ciencias Humanas, menci\u00f3n Discurso y Cultura impartido por la Universidad Austral de Chile con beca doctorado nacional de ANID (desde 2021), dedicado a la investigaci\u00f3n denominada \u201cAgenciamiento Infantil: Discursos de Estudiantes de una Escuela Rural de Educaci\u00f3n B\u00e1sica de La Araucan\u00eda\u201d.<\/span><\/p>\n<p><span style=\"font-weight: 400;\">Fue co-fundador de la Corporaci\u00f3n Programa Chasqui, instancia que particip\u00f3 activamente de la Red de ONGs de Infancia y Juventud (ROIJ-Chile), a su vez, de la Red Latinoamericana y Caribe\u00f1a por la Defensa de los Derechos de Ni\u00f1os, Ni\u00f1as y Adolescentes, actual \u201cTejiendo Redes Infancia \u2013 Am\u00e9rica Latina y el Caribe (https:\/\/tejiendoredesinfancia.org\/). Fue socio de Bouworde Vlaanderen V.Z.W. (1983-1987: www.bouworde.be), cooperante internacional de Withuis V.Z.W. (1989-1998), miembro del Comit\u00e9 Ejecutivo de ANIDE (2008-2011; www.anide.cl), socio de la Corporaci\u00f3n So\u00f1arte (2003 \u2013 2014).<\/span><\/p>\n<p><span style=\"font-weight: 400;\">Se destaca como inter\u00e9s profesional: La gesti\u00f3n comunitaria relativa a la participaci\u00f3n, asociaci\u00f3n y organizaci\u00f3n de ni\u00f1os, ni\u00f1as y adolescentes. Incluye: Gesti\u00f3n de Redes Comunales de Infancia y Adolescencia; An\u00e1lisis Situacional de los Derechos del Ni\u00f1o\/a (diagn\u00f3stico); Apoyo a organizaciones infanto-adolescentes y su articulaci\u00f3n en red; Gesti\u00f3n de Pol\u00edticas Locales de Infancia y Adolescencia. La intervenci\u00f3n social a favor de ni\u00f1os, ni\u00f1as y adolescentes vulnerados en sus derechos fundamentales desde el enfoque de protecci\u00f3n integral de dichos derechos.\u00a0 <\/span><span style=\"font-weight: 400;\">En la actualidad trabaja como Encargado de Convivencia Escolar de una escuela rural de la comuna de Cunco, Regi\u00f3n de La Araucan\u00eda.<\/span><\/p>\n<p><span style=\"font-weight: 400;\">Como l\u00edneas de desarrollo investigativo est\u00e1n: <\/span><span style=\"font-weight: 400;\">Agenciamiento y co-protagonismo infantil<\/span><span style=\"font-weight: 400;\"> a partir del an\u00e1lisis de discursos sobre y de ni\u00f1os, ni\u00f1as y adolescentes. Participaci\u00f3n y asociaci\u00f3n infanto-adolescente. Pol\u00edticas Locales de Infancia y Adolescencia.<\/span><\/p>\n","protected":false},"excerpt":{"rendered":"<p>Mg. Erik Lombaert &#8211; Universidad de La Frontera Colaborador Trabajador Social \u2013 Magister en Ciencias Sociales Aplicadas \u2013 Licenciado en Derecho. Miembro de Comit\u00e9 Acad\u00e9mico y equipo de Mejora Continua 2023. Profesor de asignatura electiva Derechos de la Infancia del programa y director de tesis de grado del Mag\u00edster. Erik Lombaert naci\u00f3 en Flandes, B\u00e9lgica,&hellip; <br \/> <a class=\"button small blue\" href=\"https:\/\/comunitaria.ufro.cl\/index.php\/erik-lombaert-2\/\">Leer m\u00e1s<\/a><\/p>\n","protected":false},"author":1,"featured_media":174,"parent":0,"menu_order":0,"comment_status":"closed","ping_status":"closed","template":"page-nosidebar.php","meta":{"footnotes":""},"_links":{"self":[{"href":"https:\/\/comunitaria.ufro.cl\/index.php\/wp-json\/wp\/v2\/pages\/271"}],"collection":[{"href":"https:\/\/comunitaria.ufro.cl\/index.php\/wp-json\/wp\/v2\/pages"}],"about":[{"href":"https:\/\/comunitaria.ufro.cl\/index.php\/wp-json\/wp\/v2\/types\/page"}],"author":[{"embeddable":true,"href":"https:\/\/comunitaria.ufro.cl\/index.php\/wp-json\/wp\/v2\/users\/1"}],"replies":[{"embeddable":true,"href":"https:\/\/comunitaria.ufro.cl\/index.php\/wp-json\/wp\/v2\/comments?post=271"}],"version-history":[{"count":4,"href":"https:\/\/comunitaria.ufro.cl\/index.php\/wp-json\/wp\/v2\/pages\/271\/revisions"}],"predecessor-version":[{"id":3245,"href":"https:\/\/comunitaria.ufro.cl\/index.php\/wp-json\/wp\/v2\/pages\/271\/revisions\/3245"}],"wp:featuredmedia":[{"embeddable":true,"href":"https:\/\/comunitaria.ufro.cl\/index.php\/wp-json\/wp\/v2\/media\/174"}],"wp:attachment":[{"href":"https:\/\/comunitaria.ufro.cl\/index.php\/wp-json\/wp\/v2\/media?parent=271"}],"curies":[{"name":"wp","href":"https:\/\/api.w.org\/{rel}","templated":true}]}}