{"id":273,"date":"2018-11-05T02:26:52","date_gmt":"2018-11-05T05:26:52","guid":{"rendered":"http:\/\/comunitaria.ufro.cl\/?page_id=273"},"modified":"2023-04-04T12:28:29","modified_gmt":"2023-04-04T15:28:29","slug":"jaime-munoz-vidal","status":"publish","type":"page","link":"https:\/\/comunitaria.ufro.cl\/index.php\/jaime-munoz-vidal\/","title":{"rendered":"JAIME MU\u00d1OZ VIDAL"},"content":{"rendered":"<p><strong>Mg. Jaime Mu\u00f1oz Vidal &#8211; Universidad de La Frontera.<\/strong><br \/>\n<em>Colaborador<\/em><\/p>\n<hr \/>\n<p>Psic\u00f3logo, Mag\u00edster y especialista en Psicolog\u00eda Comunitaria.<\/p>\n<p>En el programa es profesor de asignaturas electivas en temas de an\u00e1lisis de redes sociales y miembro del Equipo de Mejora Continua 2023.<\/p>\n<p>Colabor\u00f3 como investigador en el \u00e1rea de justicia juvenil en el desarrollo del Modelo Multidimensional de Intervenci\u00f3n Diferenciada con Adolescentes MMIDA\u00ae, con especial \u00e9nfasis en el desarrollo de un modelo de intervenci\u00f3n, pr\u00e1ctica y gesti\u00f3n de redes, el cual ha adaptado a otras l\u00edneas de intervenci\u00f3n con infancia, capacitando a diversos equipos de trabajo en el marco comprensivo y uso de herramientas t\u00e9cnicas de modelo.<\/p>\n<p>Es co-creador del Inventario de recursos sociocomunitarios centrado en las redes focales de adolescentes (IRS-F) y del ecomapa de redes focales para adolescentes y para familia (instrumentos did\u00e1cticos para el diagn\u00f3stico y la intervenci\u00f3n en redes utilizados por diversos equipos de trabajo con infancia a nivel nacional). Se desempe\u00f1\u00f3 como coordinador t\u00e9cnico en Direcci\u00f3n Nacional de la Fundaci\u00f3n Tierra de Esperanza dise\u00f1ando proyectos, supervisando y asesorando a diversos equipos de la instituci\u00f3n en la l\u00ednea de protecci\u00f3n de derechos de la infancia y la adolescencia.<\/p>\n<p>Actualmente se desempe\u00f1a como profesional de investigaci\u00f3n de la Direcci\u00f3n de Investigaci\u00f3n, Desarrollo e Innovaci\u00f3n (DIDI), en la Direcci\u00f3n Nacional de Fundaci\u00f3n Tierra de Esperanza, espacio laboral en el que participa del Comit\u00e9 Cient\u00edfico institucional, a cargo de evaluar y asesorar procesos de investigaci\u00f3n llevados a cabo en el marco de la fundaci\u00f3n, del desarrollo de proyectos de investigaci\u00f3n asociados a la l\u00ednea de tratamiento del consumo problem\u00e1tico de sustancias psicoactivas en ni\u00f1os, ni\u00f1as y adolescentes y del desarrollo del SIGID-MMIDA, un paquete tecnol\u00f3gico que se est\u00e1 creando para apoyar la aplicaci\u00f3n del Modelo Multidimensional de Intervenci\u00f3n Diferenciada con Adolescentes MMIDA\u00ae en interfaz digital.<\/p>\n<p>Complementariamente, es coordinador acad\u00e9mico del Diplomado de Intervenci\u00f3n en Salud Mental y Drogodependecia, del Centro de Formaci\u00f3n T\u00e9cnica Teodoro Wickel, de la Universidad de la Frontera, docente del \u00e1rea Comunitaria de la carrera de Psicolog\u00eda. de la Universidad de La Frontera<\/p>\n","protected":false},"excerpt":{"rendered":"<p>Mg. Jaime Mu\u00f1oz Vidal &#8211; Universidad de La Frontera. Colaborador Psic\u00f3logo, Mag\u00edster y especialista en Psicolog\u00eda Comunitaria. En el programa es profesor de asignaturas electivas en temas de an\u00e1lisis de redes sociales y miembro del Equipo de Mejora Continua 2023. Colabor\u00f3 como investigador en el \u00e1rea de justicia juvenil en el desarrollo del Modelo Multidimensional&hellip; <br \/> <a class=\"button small blue\" href=\"https:\/\/comunitaria.ufro.cl\/index.php\/jaime-munoz-vidal\/\">Leer m\u00e1s<\/a><\/p>\n","protected":false},"author":1,"featured_media":76,"parent":0,"menu_order":0,"comment_status":"closed","ping_status":"closed","template":"page-nosidebar.php","meta":{"footnotes":""},"_links":{"self":[{"href":"https:\/\/comunitaria.ufro.cl\/index.php\/wp-json\/wp\/v2\/pages\/273"}],"collection":[{"href":"https:\/\/comunitaria.ufro.cl\/index.php\/wp-json\/wp\/v2\/pages"}],"about":[{"href":"https:\/\/comunitaria.ufro.cl\/index.php\/wp-json\/wp\/v2\/types\/page"}],"author":[{"embeddable":true,"href":"https:\/\/comunitaria.ufro.cl\/index.php\/wp-json\/wp\/v2\/users\/1"}],"replies":[{"embeddable":true,"href":"https:\/\/comunitaria.ufro.cl\/index.php\/wp-json\/wp\/v2\/comments?post=273"}],"version-history":[{"count":3,"href":"https:\/\/comunitaria.ufro.cl\/index.php\/wp-json\/wp\/v2\/pages\/273\/revisions"}],"predecessor-version":[{"id":3086,"href":"https:\/\/comunitaria.ufro.cl\/index.php\/wp-json\/wp\/v2\/pages\/273\/revisions\/3086"}],"wp:featuredmedia":[{"embeddable":true,"href":"https:\/\/comunitaria.ufro.cl\/index.php\/wp-json\/wp\/v2\/media\/76"}],"wp:attachment":[{"href":"https:\/\/comunitaria.ufro.cl\/index.php\/wp-json\/wp\/v2\/media?parent=273"}],"curies":[{"name":"wp","href":"https:\/\/api.w.org\/{rel}","templated":true}]}}