{"id":275,"date":"2018-11-05T02:28:50","date_gmt":"2018-11-05T05:28:50","guid":{"rendered":"http:\/\/comunitaria.ufro.cl\/?page_id=275"},"modified":"2023-07-17T15:10:44","modified_gmt":"2023-07-17T18:10:44","slug":"mireya-palavecinos-tapia","status":"publish","type":"page","link":"https:\/\/comunitaria.ufro.cl\/index.php\/mireya-palavecinos-tapia\/","title":{"rendered":"MIREYA PALAVECINOS TAPIA"},"content":{"rendered":"<p><strong>Dra. Mireya Palavecinos Tapia. Universidad de La Frontera<\/strong><br \/>\n<em>Permanente<\/em><\/p>\n<hr \/>\n<p>Dra. en Psicolog\u00eda social de la Universidad Aut\u00f3noma de Madrid, Espa\u00f1a. Mag\u00edster en Ciencias Sociales Aplicadas y licenciada en Psicolog\u00eda de la Universidad de La Frontera.<\/p>\n<p>Profesora asociada del Departamento de Psicolog\u00eda de la Universidad de la Frontera.<\/p>\n<p>Actualmente es la Directora del Mag\u00edster en Psicolog\u00eda Comunitaria de la UFRO.<\/p>\n<p>Miembro de la Sociedad Cient\u00edfica de Psicolog\u00eda de Chile (SCPC), y una de las fundadoras de la Sociedad Iberoamericana de Psicolog\u00eda Ambiental (PSICAMB). Miembro fundadora de la Red de Investigaci\u00f3n en Medio Ambiente y Sustentabilidad \u2013 RIMAS. Investigadora del Centro de Excelencia Estudios en Psicolog\u00eda social y econ\u00f3mica CEPEXC del N\u00facleo ciencias sociales Universidad de la Frontera y del Centro de Investigaci\u00f3n en Ciencias sociales CIS SUR.<\/p>\n<p>Es la representante Institucional ante la Comisi\u00f3n de G\u00e9nero del Consejo de Rectores de Universidades de Chile (CRUCH).<\/p>\n<p>Como investigadora, se ha dedicado a realizar investigaciones y estudios en el \u00e1rea de la Psicolog\u00eda Socio-ambiental, en particular el estudio de la participaci\u00f3n ciudadana en conflictos ambientales y en situaciones de violaci\u00f3n de los derechos humanos, con un enfoque de g\u00e9nero.<\/p>\n<p>Entre los desempe\u00f1os profesionales m\u00e1s destacados, ha sido parte de la red SENAME, trabajando en hogares de protecci\u00f3n de menores. Profesional parte de la ONG CRESAM, a cargo de la atenci\u00f3n de personas, familias y grupos afectados por la violaci\u00f3n de los DDHH durante la represi\u00f3n pol\u00edtica en dictadura en Chile, especializ\u00e1ndose en el tratamiento de traumatizaciones extremas. Fue parte del equipo multidisciplinario del COSAM \u201cLa Rueda\u201d, instituci\u00f3n dependiente de la Municipalidad de Temuco, donde desarrolla un trabajo orientado a la intervenci\u00f3n y acci\u00f3n comunitaria, realizando intervenci\u00f3n psicosocial en salud mental, prevenci\u00f3n comunitaria y acciones de fortalecimiento comunitario.<\/p>\n<p>En el \u00e1rea de la docencia, se ha centrado en la formaci\u00f3n de las y los futuros profesionales de Pre y Postgrado, en las \u00e1reas de Psicolog\u00eda Social, SocioAmbiental y Psicolog\u00eda Comunitaria.<\/p>\n","protected":false},"excerpt":{"rendered":"<p>Dra. Mireya Palavecinos Tapia. Universidad de La Frontera Permanente Dra. en Psicolog\u00eda social de la Universidad Aut\u00f3noma de Madrid, Espa\u00f1a. Mag\u00edster en Ciencias Sociales Aplicadas y licenciada en Psicolog\u00eda de la Universidad de La Frontera. Profesora asociada del Departamento de Psicolog\u00eda de la Universidad de la Frontera. Actualmente es la Directora del Mag\u00edster en Psicolog\u00eda&hellip; <br \/> <a class=\"button small blue\" href=\"https:\/\/comunitaria.ufro.cl\/index.php\/mireya-palavecinos-tapia\/\">Leer m\u00e1s<\/a><\/p>\n","protected":false},"author":1,"featured_media":54,"parent":0,"menu_order":0,"comment_status":"closed","ping_status":"closed","template":"page-nosidebar.php","meta":{"footnotes":""},"_links":{"self":[{"href":"https:\/\/comunitaria.ufro.cl\/index.php\/wp-json\/wp\/v2\/pages\/275"}],"collection":[{"href":"https:\/\/comunitaria.ufro.cl\/index.php\/wp-json\/wp\/v2\/pages"}],"about":[{"href":"https:\/\/comunitaria.ufro.cl\/index.php\/wp-json\/wp\/v2\/types\/page"}],"author":[{"embeddable":true,"href":"https:\/\/comunitaria.ufro.cl\/index.php\/wp-json\/wp\/v2\/users\/1"}],"replies":[{"embeddable":true,"href":"https:\/\/comunitaria.ufro.cl\/index.php\/wp-json\/wp\/v2\/comments?post=275"}],"version-history":[{"count":3,"href":"https:\/\/comunitaria.ufro.cl\/index.php\/wp-json\/wp\/v2\/pages\/275\/revisions"}],"predecessor-version":[{"id":3298,"href":"https:\/\/comunitaria.ufro.cl\/index.php\/wp-json\/wp\/v2\/pages\/275\/revisions\/3298"}],"wp:featuredmedia":[{"embeddable":true,"href":"https:\/\/comunitaria.ufro.cl\/index.php\/wp-json\/wp\/v2\/media\/54"}],"wp:attachment":[{"href":"https:\/\/comunitaria.ufro.cl\/index.php\/wp-json\/wp\/v2\/media?parent=275"}],"curies":[{"name":"wp","href":"https:\/\/api.w.org\/{rel}","templated":true}]}}