{"id":279,"date":"2018-11-04T23:32:27","date_gmt":"2018-11-05T05:32:27","guid":{"rendered":"http:\/\/comunitaria.ufro.cl\/?page_id=279"},"modified":"2023-03-28T14:53:37","modified_gmt":"2023-03-28T17:53:37","slug":"alba-zambrano-constanzo","status":"publish","type":"page","link":"https:\/\/comunitaria.ufro.cl\/index.php\/alba-zambrano-constanzo\/","title":{"rendered":"Alba Zambrano Constanzo"},"content":{"rendered":"<p><strong>Dra. Alba Zambrano Constanzo<br \/>\nDepartamento de Psicolog\u00eda<br \/>\nUniversidad de La Frontera<\/strong><br \/>\n<em>Permanente<\/em><\/p>\n<hr \/>\n<p>Psic\u00f3loga, Doctora en Psicolog\u00eda social de la Universidad de Barcelona, Espa\u00f1a y Magister en ciencias sociales Aplicadas de la UFRO.<\/p>\n<p>En el Magister es profesora responsable de las asignaturas Psicolog\u00eda social Comunitaria y Fortalecimiento comunitario. Dirige tesis de grado del programa. Miembro de Comit\u00e9 Acad\u00e9mico del programa de postgrado.<\/p>\n<p>Psic\u00f3loga infanto juvenil, especialista en psicolog\u00eda comunitaria. Directora desde el a\u00f1o 2017 de los programas Habilidades para la vida (HPV1 y HPV2) ejecutado por el departamento de Psicolog\u00eda Universidad de La Frontera.<\/p>\n<p>Se desempe\u00f1\u00f3 por 20 a\u00f1os en diferentes hogares de protecci\u00f3n simple de la red SENAME; 6 a\u00f1os en el Centro Regional de Salud Mental y Derechos Humanos (CRESAM); 3 a\u00f1os en el Fondo de solidaridad e inversi\u00f3n social en los programas Planes de desarrollo juvenil y formaci\u00f3n para la vida del trabajo de j\u00f3venes en condiciones de pobreza;6 a\u00f1os asesora metodol\u00f3gica del programa de Reparaci\u00f3n del maltrato infantil Grave Esperanza de Ni\u00f1os, CORPADHE-UFRO; Consultora del Mineduc (Programas de intervenci\u00f3n psicosocial con adolescentes que viven en condiciones de pobreza); Consultora UNICEF fortalecimiento de capacidades para la educaci\u00f3n en contextos de diversidad cultural; Consultora SENDA prevenci\u00f3n del consuma de drogas e interculturalidad,\u00a0 Fundadora de la red intersectorial de la Araucan\u00eda para la prevenci\u00f3n del consumo de drogas y alcohol; Asesora organismos que trabajan con infancia vulnerada en sus derechos y adolescentes infractores de ley (red de organismos colaboradores de SENAME; SENAME; Gendarmer\u00eda, SENDA); Asesora organismos vinculados a la prevenci\u00f3n del consumo de alcohol y otras drogas; asesora municipios y organizaciones comunitarias de base en trabajo comunitario y fortalecimiento de capacidades para el fortalecimiento comunitario.<\/p>\n<p>Participa en la formaci\u00f3n de equipos que intervienen en programas con componentes comunitarios: programas Previene; Programa de Recuperaci\u00f3n de Barrios (MINVU), Programas M\u00e1s territorio (Ministerio de Desarrollo Social), Redes intersectoriales (en materia de salud mental; salud mental infantil, protecci\u00f3n de derechos; justicia juvenil).<\/p>\n<p>Miembro fundador de la Red Chilena de formadores e investigadores en Psicolog\u00eda Comunitaria; Miembro fundadora de la Sociedad Chilena de Psicolog\u00eda comunitaria; Integrante de la red latinoamericana de formaci\u00f3n en Psicolog\u00eda Comunitaria.<\/p>\n","protected":false},"excerpt":{"rendered":"<p>Dra. Alba Zambrano Constanzo Departamento de Psicolog\u00eda Universidad de La Frontera Permanente Psic\u00f3loga, Doctora en Psicolog\u00eda social de la Universidad de Barcelona, Espa\u00f1a y Magister en ciencias sociales Aplicadas de la UFRO. En el Magister es profesora responsable de las asignaturas Psicolog\u00eda social Comunitaria y Fortalecimiento comunitario. Dirige tesis de grado del programa. Miembro de&hellip; <br \/> <a class=\"button small blue\" href=\"https:\/\/comunitaria.ufro.cl\/index.php\/alba-zambrano-constanzo\/\">Leer m\u00e1s<\/a><\/p>\n","protected":false},"author":1,"featured_media":52,"parent":0,"menu_order":0,"comment_status":"closed","ping_status":"closed","template":"page-nosidebar.php","meta":{"footnotes":""},"_links":{"self":[{"href":"https:\/\/comunitaria.ufro.cl\/index.php\/wp-json\/wp\/v2\/pages\/279"}],"collection":[{"href":"https:\/\/comunitaria.ufro.cl\/index.php\/wp-json\/wp\/v2\/pages"}],"about":[{"href":"https:\/\/comunitaria.ufro.cl\/index.php\/wp-json\/wp\/v2\/types\/page"}],"author":[{"embeddable":true,"href":"https:\/\/comunitaria.ufro.cl\/index.php\/wp-json\/wp\/v2\/users\/1"}],"replies":[{"embeddable":true,"href":"https:\/\/comunitaria.ufro.cl\/index.php\/wp-json\/wp\/v2\/comments?post=279"}],"version-history":[{"count":6,"href":"https:\/\/comunitaria.ufro.cl\/index.php\/wp-json\/wp\/v2\/pages\/279\/revisions"}],"predecessor-version":[{"id":3082,"href":"https:\/\/comunitaria.ufro.cl\/index.php\/wp-json\/wp\/v2\/pages\/279\/revisions\/3082"}],"wp:featuredmedia":[{"embeddable":true,"href":"https:\/\/comunitaria.ufro.cl\/index.php\/wp-json\/wp\/v2\/media\/52"}],"wp:attachment":[{"href":"https:\/\/comunitaria.ufro.cl\/index.php\/wp-json\/wp\/v2\/media?parent=279"}],"curies":[{"name":"wp","href":"https:\/\/api.w.org\/{rel}","templated":true}]}}