{"id":281,"date":"2018-11-04T20:33:38","date_gmt":"2018-11-05T02:33:38","guid":{"rendered":"http:\/\/comunitaria.ufro.cl\/?page_id=281"},"modified":"2023-04-05T09:55:07","modified_gmt":"2023-04-05T12:55:07","slug":"claudia-calquin-donoso","status":"publish","type":"page","link":"https:\/\/comunitaria.ufro.cl\/index.php\/claudia-calquin-donoso\/","title":{"rendered":"CLAUDIA CALQU\u00cdN DONOSO"},"content":{"rendered":"<p><strong>Dra. Claudia Calquin Donoso Universidad de Santiago<\/strong><br \/>\n<em>Visitante<\/em><\/p>\n<hr \/>\n<p>Psic\u00f3loga de la Universidad de Santiago de Chile, M\u00e1ster en Estudios de Mujeres, G\u00e9nero y Ciudadan\u00eda de la Universidad de Barcelona y Doctora en Ciudadan\u00eda y Derechos Humanos de la Universidad de Barcelona.<\/p>\n<p>Se desempe\u00f1a como acad\u00e9mica en la Escuela de Psicolog\u00eda de la Universidad de Santiago de Chile, actualmente Directora el Mag\u00edster en Psicolog\u00eda Educacional.<\/p>\n<p>En el Mag\u00edster en Psicolog\u00eda Comunitaria es la profesora responsable de la asignatura Cambio y Transformaci\u00f3n Social.<\/p>\n<p>Ha publicado diversos trabajos sobre g\u00e9nero, cuidados, infancia y an\u00e1lisis del discurso, entre otras cuestiones en diversas revistas indexadas tanto nacionales como internacionales.<\/p>\n<p>Su l\u00ednea de investigaci\u00f3n es G\u00e9nero, Equidad y Cambio Social.<\/p>\n","protected":false},"excerpt":{"rendered":"<p>Dra. Claudia Calquin Donoso Universidad de Santiago Visitante Psic\u00f3loga de la Universidad de Santiago de Chile, M\u00e1ster en Estudios de Mujeres, G\u00e9nero y Ciudadan\u00eda de la Universidad de Barcelona y Doctora en Ciudadan\u00eda y Derechos Humanos de la Universidad de Barcelona. Se desempe\u00f1a como acad\u00e9mica en la Escuela de Psicolog\u00eda de la Universidad de Santiago&hellip; <br \/> <a class=\"button small blue\" href=\"https:\/\/comunitaria.ufro.cl\/index.php\/claudia-calquin-donoso\/\">Leer m\u00e1s<\/a><\/p>\n","protected":false},"author":1,"featured_media":180,"parent":0,"menu_order":0,"comment_status":"closed","ping_status":"closed","template":"page-nosidebar.php","meta":{"footnotes":""},"_links":{"self":[{"href":"https:\/\/comunitaria.ufro.cl\/index.php\/wp-json\/wp\/v2\/pages\/281"}],"collection":[{"href":"https:\/\/comunitaria.ufro.cl\/index.php\/wp-json\/wp\/v2\/pages"}],"about":[{"href":"https:\/\/comunitaria.ufro.cl\/index.php\/wp-json\/wp\/v2\/types\/page"}],"author":[{"embeddable":true,"href":"https:\/\/comunitaria.ufro.cl\/index.php\/wp-json\/wp\/v2\/users\/1"}],"replies":[{"embeddable":true,"href":"https:\/\/comunitaria.ufro.cl\/index.php\/wp-json\/wp\/v2\/comments?post=281"}],"version-history":[{"count":8,"href":"https:\/\/comunitaria.ufro.cl\/index.php\/wp-json\/wp\/v2\/pages\/281\/revisions"}],"predecessor-version":[{"id":3094,"href":"https:\/\/comunitaria.ufro.cl\/index.php\/wp-json\/wp\/v2\/pages\/281\/revisions\/3094"}],"wp:featuredmedia":[{"embeddable":true,"href":"https:\/\/comunitaria.ufro.cl\/index.php\/wp-json\/wp\/v2\/media\/180"}],"wp:attachment":[{"href":"https:\/\/comunitaria.ufro.cl\/index.php\/wp-json\/wp\/v2\/media?parent=281"}],"curies":[{"name":"wp","href":"https:\/\/api.w.org\/{rel}","templated":true}]}}