{"id":283,"date":"2018-11-04T20:34:42","date_gmt":"2018-11-05T02:34:42","guid":{"rendered":"http:\/\/comunitaria.ufro.cl\/?page_id=283"},"modified":"2022-01-18T22:35:58","modified_gmt":"2022-01-19T01:35:58","slug":"mauricio-garcia-ojeda","status":"publish","type":"page","link":"https:\/\/comunitaria.ufro.cl\/index.php\/mauricio-garcia-ojeda\/","title":{"rendered":"MAURICIO GARCIA OJEDA"},"content":{"rendered":"<p>&nbsp;<\/p>\n<p><strong>Dr. Mauricio Garc\u00eda Ojeda, Universidad de La Frontera<\/strong><br \/>\n<em>Visitante<\/em><\/p>\n<hr \/>\n<p>Acad\u00e9mico del Departamento de Ciencias Sociales de la Universidad de La Frontera. Es Trabajador Social, Mag\u00edster en Desarrollo Humano Local y Regional y Doctor en Sociolog\u00eda. En el Magister est\u00e1 a cargo de asignaturas electivas, en los temas de Gobernanza, Desarrollo y Redes. Tambi\u00e9n participa como Director de tesis de grado.<\/p>\n<p>Su l\u00ednea de investigaci\u00f3n es pol\u00edticas p\u00fablicas, gobernanza y desarrollo territorial. Ha participado como investigador y co-investigador en proyectos FONDECYT, FONDEF y DIUFRO, entre otros y los resultados de sus investigaciones han sido presentados en 34 congresos nacionales e internacionales.<\/p>\n<p>Ha sido autor y co-autor de publicaciones nacionales e internacionales, entre las que se cuentan cap\u00edtulos de libros y art\u00edculos ISI, SCOPUS Y SCIELO. Es evaluador de proyectos FONDECYT y de art\u00edculos cient\u00edficos para revistas cient\u00edficas nacionales e internacionales.<\/p>\n<p>Es integrante de dos centros de investigaci\u00f3n en la Universidad de La Frontera y del Grupo de Sociolog\u00eda Anal\u00edtica y Dise\u00f1o Institucional de la Universidad Aut\u00f3noma de Barcelona. Adem\u00e1s, es miembro del Claustro del Doctorado en Ciencias Sociales de la Universidad de La Frontera.<\/p>\n<p>Realiza docencia de pre y postgrado (mag\u00edster y doctorado) articulada, fundamentalmente, en torno a sus tem\u00e1ticas de investigaci\u00f3n. Ha guiado catorce tesis de mag\u00edster y a la fecha, conduce el desarrollo de otras siete.<\/p>\n<p>Ha participado en el desarrollo de investigaciones de I+D+I relacionadas a pol\u00edticas p\u00fablicas y desarrollo territorial, abordando temas como la participaci\u00f3n ciudadana, la innovaci\u00f3n tecnol\u00f3gica para el desarrollo end\u00f3geno, la planificaci\u00f3n territorial, la gobernanza para gesti\u00f3n de recursos h\u00eddricos en contextos de escasez y el fortalecimiento de sistemas de actores locales para el desarrollo tur\u00edstico.<\/p>\n<p>Su experiencia profesional se ha desarrollado en torno a la implementaci\u00f3n de programas de desarrollo social, espec\u00edficamente de desarrollo de comunitario e inserci\u00f3n social.<\/p>\n<p>Pay for phrase reports on the internet and then absolutely free on your own in the struggling that you simply might confront. Strategy a specialist crafting program to make sure ones own show results is considered the perfect an individual <a href=\"https:\/\/payforessay.net\/college-term-papers\">college term papers<\/a><\/p>\n","protected":false},"excerpt":{"rendered":"<p>&nbsp; Dr. Mauricio Garc\u00eda Ojeda, Universidad de La Frontera Visitante Acad\u00e9mico del Departamento de Ciencias Sociales de la Universidad de La Frontera. Es Trabajador Social, Mag\u00edster en Desarrollo Humano Local y Regional y Doctor en Sociolog\u00eda. En el Magister est\u00e1 a cargo de asignaturas electivas, en los temas de Gobernanza, Desarrollo y Redes. Tambi\u00e9n participa&hellip; <br \/> <a class=\"button small blue\" href=\"https:\/\/comunitaria.ufro.cl\/index.php\/mauricio-garcia-ojeda\/\">Leer m\u00e1s<\/a><\/p>\n","protected":false},"author":1,"featured_media":186,"parent":0,"menu_order":0,"comment_status":"closed","ping_status":"closed","template":"page-nosidebar.php","meta":{"footnotes":""},"_links":{"self":[{"href":"https:\/\/comunitaria.ufro.cl\/index.php\/wp-json\/wp\/v2\/pages\/283"}],"collection":[{"href":"https:\/\/comunitaria.ufro.cl\/index.php\/wp-json\/wp\/v2\/pages"}],"about":[{"href":"https:\/\/comunitaria.ufro.cl\/index.php\/wp-json\/wp\/v2\/types\/page"}],"author":[{"embeddable":true,"href":"https:\/\/comunitaria.ufro.cl\/index.php\/wp-json\/wp\/v2\/users\/1"}],"replies":[{"embeddable":true,"href":"https:\/\/comunitaria.ufro.cl\/index.php\/wp-json\/wp\/v2\/comments?post=283"}],"version-history":[{"count":6,"href":"https:\/\/comunitaria.ufro.cl\/index.php\/wp-json\/wp\/v2\/pages\/283\/revisions"}],"predecessor-version":[{"id":2882,"href":"https:\/\/comunitaria.ufro.cl\/index.php\/wp-json\/wp\/v2\/pages\/283\/revisions\/2882"}],"wp:featuredmedia":[{"embeddable":true,"href":"https:\/\/comunitaria.ufro.cl\/index.php\/wp-json\/wp\/v2\/media\/186"}],"wp:attachment":[{"href":"https:\/\/comunitaria.ufro.cl\/index.php\/wp-json\/wp\/v2\/media?parent=283"}],"curies":[{"name":"wp","href":"https:\/\/api.w.org\/{rel}","templated":true}]}}