{"id":3039,"date":"2022-01-18T21:28:39","date_gmt":"2022-01-19T00:28:39","guid":{"rendered":"http:\/\/comunitaria.ufro.cl\/?page_id=3039"},"modified":"2023-06-28T13:51:22","modified_gmt":"2023-06-28T16:51:22","slug":"francisca-viviana-fonseca-prieto","status":"publish","type":"page","link":"https:\/\/comunitaria.ufro.cl\/index.php\/francisca-viviana-fonseca-prieto\/","title":{"rendered":"Francisca Viviana Fonseca Prieto"},"content":{"rendered":"<p><strong data-rich-text-format-boundary=\"true\">Dra. Francisca Viviana Fonseca Prieto, Universidad de la Frontera<\/strong><\/p>\n<p><em>Permanente<\/em><\/p>\n<p><em>L\u00edneas de Investigaci\u00f3n: Crisis ambiental. Desarrollo sustentable y Participaci\u00f3n ciudadana.<\/em><\/p>\n<hr \/>\n<p>Soci\u00f3loga, Universidad de La Frontera de Temuco, Chile.<\/p>\n<p>Doctora en Sociolog\u00eda, Universidad Aut\u00f3noma de Barcelona. Espa\u00f1a. 2007<\/p>\n<p>Master en Sociolog\u00eda, Universidad Aut\u00f3noma de Barcelona. Espa\u00f1a. 2005<\/p>\n<p><span style=\"font-weight: 400;\">Actualmente, es acad\u00e9mica del Departamento de Ciencias Sociales de la Universidad de La Frontera. La Dra. Fonseca posee una amplia trayectoria docente en materias de Sociolog\u00eda Ambiental, Teor\u00eda Social e Investigaci\u00f3n Social, tanto en cursos de grado y postgrado de universidades nacionales e internacionales. Sus l\u00edneas de investigaci\u00f3n abordan temas de riesgo ecol\u00f3gico, conflictos y controversias ambientales, transici\u00f3n ecol\u00f3gica y energ\u00e9tica, resistencias, extractivismos y cambio clim\u00e1tico y Ecolog\u00eda Pol\u00edtica Latinoamericana. Los cuales se han venido desarrollando en proyectos de investigaci\u00f3n como FONDECYT, N\u00facleo Milenio, ANID y fondos internacionales, dando origen a varias publicaciones.<\/span><\/p>\n<p><span style=\"font-weight: 400;\">Ha asumido diversos cargos como la Direcci\u00f3n de la carrera de sociolog\u00eda, del Departamento de Ciencias Sociales, la Direcci\u00f3n de Postgrado de la Facultad de Educaci\u00f3n Ciencias Sociales y Humanidades y la Direcci\u00f3n del Centro de Investigaciones Sociales Sur en la Universidad de La Frontera. Adem\u00e1s es integrante del Consejo Asesor Cient\u00edfico del Centro de Estudios del Conflicto y Cohesi\u00f3n Social COES-Chile, e investigadora asociada al N\u00facleo Milenio en Energ\u00eda y Sociedad NUMIES-Chile, desde el 2014-2022. Dese el 2016 es Directora de la Red de Sociolog\u00eda de las Universidades Chilenas SocioRed; ha sido Miembro de la Directiva de la Asociaci\u00f3n Latinoamericana de Sociolog\u00eda ALAS 2017-2019; Coordinadora Chilena del Grupo de Trabajo en Medio Ambiente, Sociedad y Desarrollo Sustentable de la Asociaci\u00f3n Latinoamericana de Sociolog\u00eda ALAS; Coordinadora del Grupo de Trabajo en Sociolog\u00eda Ambiental de los Congresos Chilenos de Sociolog\u00eda y Encuentros PreAlas. Y Evaluadora de Becas de Capital Humano Avanzado y Proyectos Fondecyt y del 2016 forma parte del Grupo de Evaluador de Becas para Sociolog\u00eda de CONICYT.<\/span><\/p>\n\n\n<p><\/p>\n\n\n\n<p><\/p>\n\n\n\n<p><\/p>\n\n\n\n<p><\/p>\n\n\n\n<p><\/p>\n","protected":false},"excerpt":{"rendered":"<p>Dra. Francisca Viviana Fonseca Prieto, Universidad de la Frontera Permanente L\u00edneas de Investigaci\u00f3n: Crisis ambiental. Desarrollo sustentable y Participaci\u00f3n ciudadana. Soci\u00f3loga, Universidad de La Frontera de Temuco, Chile. Doctora en Sociolog\u00eda, Universidad Aut\u00f3noma de Barcelona. Espa\u00f1a. 2007 Master en Sociolog\u00eda, Universidad Aut\u00f3noma de Barcelona. Espa\u00f1a. 2005 Actualmente, es acad\u00e9mica del Departamento de Ciencias Sociales de&hellip; <br \/> <a class=\"button small blue\" href=\"https:\/\/comunitaria.ufro.cl\/index.php\/francisca-viviana-fonseca-prieto\/\">Leer m\u00e1s<\/a><\/p>\n","protected":false},"author":7,"featured_media":2916,"parent":0,"menu_order":0,"comment_status":"closed","ping_status":"closed","template":"page-nosidebar.php","meta":{"footnotes":""},"_links":{"self":[{"href":"https:\/\/comunitaria.ufro.cl\/index.php\/wp-json\/wp\/v2\/pages\/3039"}],"collection":[{"href":"https:\/\/comunitaria.ufro.cl\/index.php\/wp-json\/wp\/v2\/pages"}],"about":[{"href":"https:\/\/comunitaria.ufro.cl\/index.php\/wp-json\/wp\/v2\/types\/page"}],"author":[{"embeddable":true,"href":"https:\/\/comunitaria.ufro.cl\/index.php\/wp-json\/wp\/v2\/users\/7"}],"replies":[{"embeddable":true,"href":"https:\/\/comunitaria.ufro.cl\/index.php\/wp-json\/wp\/v2\/comments?post=3039"}],"version-history":[{"count":2,"href":"https:\/\/comunitaria.ufro.cl\/index.php\/wp-json\/wp\/v2\/pages\/3039\/revisions"}],"predecessor-version":[{"id":3179,"href":"https:\/\/comunitaria.ufro.cl\/index.php\/wp-json\/wp\/v2\/pages\/3039\/revisions\/3179"}],"wp:featuredmedia":[{"embeddable":true,"href":"https:\/\/comunitaria.ufro.cl\/index.php\/wp-json\/wp\/v2\/media\/2916"}],"wp:attachment":[{"href":"https:\/\/comunitaria.ufro.cl\/index.php\/wp-json\/wp\/v2\/media?parent=3039"}],"curies":[{"name":"wp","href":"https:\/\/api.w.org\/{rel}","templated":true}]}}