{"id":3065,"date":"2022-01-18T22:32:36","date_gmt":"2022-01-19T01:32:36","guid":{"rendered":"http:\/\/comunitaria.ufro.cl\/?page_id=3065"},"modified":"2022-01-18T22:35:31","modified_gmt":"2022-01-19T01:35:31","slug":"lucy-ketterer","status":"publish","type":"page","link":"https:\/\/comunitaria.ufro.cl\/index.php\/lucy-ketterer\/","title":{"rendered":"Lucy Ketterer"},"content":{"rendered":"<p><strong>Dra. Lucy Mirtha Ketterer Romero<\/strong><\/p>\n<p><em>Permanente<\/em><\/p>\n<p><em>L\u00edneas de investigaci\u00f3n:<\/em><\/p>\n<p><em>Estudios de g\u00e9nero y mujeres; Violencia de g\u00e9nero; Derechos humanos.<\/em><br \/><em>Pueblos ind\u00edgenas. Poder, Territorio y Resistencia.<\/em><br \/><em>G\u00e9nero, Equidad y Cambio social.<\/em><\/p>\n<hr \/>\n<p>Asistente Social, Universidad de La Frontera, 1989, Chile.<\/p>\n<p>Doctorado en procesos sociales y pol\u00edticos en Am\u00e9rica Latina, Universidad ARCIS,2011,Chile<\/p>\n\n\n<p><\/p>\n\n\n\n<p><\/p>\n","protected":false},"excerpt":{"rendered":"<p>Dra. Lucy Mirtha Ketterer Romero Permanente L\u00edneas de investigaci\u00f3n: Estudios de g\u00e9nero y mujeres; Violencia de g\u00e9nero; Derechos humanos.Pueblos ind\u00edgenas. Poder, Territorio y Resistencia.G\u00e9nero, Equidad y Cambio social. Asistente Social, Universidad de La Frontera, 1989, Chile. Doctorado en procesos sociales y pol\u00edticos en Am\u00e9rica Latina, Universidad ARCIS,2011,Chile<\/p>\n","protected":false},"author":7,"featured_media":2926,"parent":0,"menu_order":0,"comment_status":"closed","ping_status":"closed","template":"page-nosidebar.php","meta":{"footnotes":""},"_links":{"self":[{"href":"https:\/\/comunitaria.ufro.cl\/index.php\/wp-json\/wp\/v2\/pages\/3065"}],"collection":[{"href":"https:\/\/comunitaria.ufro.cl\/index.php\/wp-json\/wp\/v2\/pages"}],"about":[{"href":"https:\/\/comunitaria.ufro.cl\/index.php\/wp-json\/wp\/v2\/types\/page"}],"author":[{"embeddable":true,"href":"https:\/\/comunitaria.ufro.cl\/index.php\/wp-json\/wp\/v2\/users\/7"}],"replies":[{"embeddable":true,"href":"https:\/\/comunitaria.ufro.cl\/index.php\/wp-json\/wp\/v2\/comments?post=3065"}],"version-history":[{"count":1,"href":"https:\/\/comunitaria.ufro.cl\/index.php\/wp-json\/wp\/v2\/pages\/3065\/revisions"}],"predecessor-version":[{"id":3066,"href":"https:\/\/comunitaria.ufro.cl\/index.php\/wp-json\/wp\/v2\/pages\/3065\/revisions\/3066"}],"wp:featuredmedia":[{"embeddable":true,"href":"https:\/\/comunitaria.ufro.cl\/index.php\/wp-json\/wp\/v2\/media\/2926"}],"wp:attachment":[{"href":"https:\/\/comunitaria.ufro.cl\/index.php\/wp-json\/wp\/v2\/media?parent=3065"}],"curies":[{"name":"wp","href":"https:\/\/api.w.org\/{rel}","templated":true}]}}