{"id":3156,"date":"2023-06-27T15:15:09","date_gmt":"2023-06-27T18:15:09","guid":{"rendered":"https:\/\/comunitaria.ufro.cl\/?page_id=3156"},"modified":"2023-06-27T15:15:09","modified_gmt":"2023-06-27T18:15:09","slug":"marina-alarcon-espinoza-2","status":"publish","type":"page","link":"https:\/\/comunitaria.ufro.cl\/index.php\/marina-alarcon-espinoza-2\/","title":{"rendered":"MARINA ALARC\u00d3N ESPINOZA"},"content":{"rendered":"\n<p><strong>Dra. Marina Alarc\u00f3n Espinoza. Universidad de La Frontera<\/strong><\/p>\n\n\n\n<p>Psic\u00f3loga, Terapeuta Familiar, Mag\u00edster en Desarrollo Humano a Escala Local y Regional, Doctora en Psicolog\u00eda de la Comunicaci\u00f3n y Cambio, Universidad de Barcelona &#8211; Universidad Aut\u00f3noma de Barcelona.<\/p>\n\n\n\n<p>Profesionalmente se ha desempe\u00f1ado en servicios de salud y red de colaboradores del Servicio Nacional de Menores. Como acad\u00e9mica del Departamento de Psicolog\u00eda de la Universidad de La Frontera, ha realizado docencia de pre y post grado, investigaci\u00f3n y actividades de vinculaci\u00f3n con el medio en temas de infancia, adolescencia y familia<\/p>\n","protected":false},"excerpt":{"rendered":"<p>Dra. Marina Alarc\u00f3n Espinoza. Universidad de La Frontera Psic\u00f3loga, Terapeuta Familiar, Mag\u00edster en Desarrollo Humano a Escala Local y Regional, Doctora en Psicolog\u00eda de la Comunicaci\u00f3n y Cambio, Universidad de Barcelona &#8211; Universidad Aut\u00f3noma de Barcelona. Profesionalmente se ha desempe\u00f1ado en servicios de salud y red de colaboradores del Servicio Nacional de Menores. Como acad\u00e9mica&hellip; <br \/> <a class=\"button small blue\" href=\"https:\/\/comunitaria.ufro.cl\/index.php\/marina-alarcon-espinoza-2\/\">Leer m\u00e1s<\/a><\/p>\n","protected":false},"author":7,"featured_media":0,"parent":0,"menu_order":0,"comment_status":"closed","ping_status":"closed","template":"","meta":{"footnotes":""},"_links":{"self":[{"href":"https:\/\/comunitaria.ufro.cl\/index.php\/wp-json\/wp\/v2\/pages\/3156"}],"collection":[{"href":"https:\/\/comunitaria.ufro.cl\/index.php\/wp-json\/wp\/v2\/pages"}],"about":[{"href":"https:\/\/comunitaria.ufro.cl\/index.php\/wp-json\/wp\/v2\/types\/page"}],"author":[{"embeddable":true,"href":"https:\/\/comunitaria.ufro.cl\/index.php\/wp-json\/wp\/v2\/users\/7"}],"replies":[{"embeddable":true,"href":"https:\/\/comunitaria.ufro.cl\/index.php\/wp-json\/wp\/v2\/comments?post=3156"}],"version-history":[{"count":1,"href":"https:\/\/comunitaria.ufro.cl\/index.php\/wp-json\/wp\/v2\/pages\/3156\/revisions"}],"predecessor-version":[{"id":3159,"href":"https:\/\/comunitaria.ufro.cl\/index.php\/wp-json\/wp\/v2\/pages\/3156\/revisions\/3159"}],"wp:attachment":[{"href":"https:\/\/comunitaria.ufro.cl\/index.php\/wp-json\/wp\/v2\/media?parent=3156"}],"curies":[{"name":"wp","href":"https:\/\/api.w.org\/{rel}","templated":true}]}}