{"id":3246,"date":"2023-07-17T11:27:22","date_gmt":"2023-07-17T14:27:22","guid":{"rendered":"https:\/\/comunitaria.ufro.cl\/?page_id=3246"},"modified":"2023-07-17T11:27:22","modified_gmt":"2023-07-17T14:27:22","slug":"sergio-chesta","status":"publish","type":"page","link":"https:\/\/comunitaria.ufro.cl\/index.php\/sergio-chesta\/","title":{"rendered":"SERGIO CHESTA"},"content":{"rendered":"\n<p><strong>Mg. Sergio Chesta &#8211; Universidad de La Frontera<\/strong><br><em>N\u00facleo Aca\u00e9mico<\/em><\/p>\n\n\n\n<p>Doctor en Psicolog\u00eda Universidad de la Frontera, Mag\u00edster en Psicolog\u00eda Jur\u00eddica y Forense. Psic\u00f3logo, Universidad de la Frontera.&nbsp;&nbsp;<\/p>\n\n\n\n<p>Actualmente es acad\u00e9mico de la Escuela de Psicolog\u00eda de la Universidad de la Frontera. Durante m\u00e1s de 20 a\u00f1os ha realizado docencia universitaria de pre y postgrado en asignaturas de metodolog\u00eda e investigaci\u00f3n en psicolog\u00eda, an\u00e1lisis de datos cuantitativos, psicolog\u00eda forense y psicolog\u00eda social en diferentes planteles de la Regi\u00f3n. Se ha desempe\u00f1ado como profesional e investigador en programas de intervenci\u00f3n con adolescentes infractores de ley y como consultor experto en estudios licitados por el Estado para la evaluaci\u00f3n de programas y caracterizaci\u00f3n de usuarios de justicia juvenil en Chile, contribuyendo al desarrollo t\u00e9cnico y profesional a nivel nacional en este campo.<\/p>\n\n\n\n<p>Tiene publicaciones en Revistas indexadas en Scopus y WOS en materia de neuropsicolog\u00eda y criminolog\u00eda. Ha participado como ponente en diferentes en Congresos latinoamericanos y europeos en temas de criminalidad y adolescencia infractora de ley.<\/p>\n","protected":false},"excerpt":{"rendered":"<p>Mg. Sergio Chesta &#8211; Universidad de La FronteraN\u00facleo Aca\u00e9mico Doctor en Psicolog\u00eda Universidad de la Frontera, Mag\u00edster en Psicolog\u00eda Jur\u00eddica y Forense. Psic\u00f3logo, Universidad de la Frontera.&nbsp;&nbsp; Actualmente es acad\u00e9mico de la Escuela de Psicolog\u00eda de la Universidad de la Frontera. Durante m\u00e1s de 20 a\u00f1os ha realizado docencia universitaria de pre y postgrado en&hellip; <br \/> <a class=\"button small blue\" href=\"https:\/\/comunitaria.ufro.cl\/index.php\/sergio-chesta\/\">Leer m\u00e1s<\/a><\/p>\n","protected":false},"author":7,"featured_media":0,"parent":0,"menu_order":0,"comment_status":"closed","ping_status":"closed","template":"","meta":{"footnotes":""},"_links":{"self":[{"href":"https:\/\/comunitaria.ufro.cl\/index.php\/wp-json\/wp\/v2\/pages\/3246"}],"collection":[{"href":"https:\/\/comunitaria.ufro.cl\/index.php\/wp-json\/wp\/v2\/pages"}],"about":[{"href":"https:\/\/comunitaria.ufro.cl\/index.php\/wp-json\/wp\/v2\/types\/page"}],"author":[{"embeddable":true,"href":"https:\/\/comunitaria.ufro.cl\/index.php\/wp-json\/wp\/v2\/users\/7"}],"replies":[{"embeddable":true,"href":"https:\/\/comunitaria.ufro.cl\/index.php\/wp-json\/wp\/v2\/comments?post=3246"}],"version-history":[{"count":1,"href":"https:\/\/comunitaria.ufro.cl\/index.php\/wp-json\/wp\/v2\/pages\/3246\/revisions"}],"predecessor-version":[{"id":3247,"href":"https:\/\/comunitaria.ufro.cl\/index.php\/wp-json\/wp\/v2\/pages\/3246\/revisions\/3247"}],"wp:attachment":[{"href":"https:\/\/comunitaria.ufro.cl\/index.php\/wp-json\/wp\/v2\/media?parent=3246"}],"curies":[{"name":"wp","href":"https:\/\/api.w.org\/{rel}","templated":true}]}}