{"id":3319,"date":"2023-07-18T13:30:31","date_gmt":"2023-07-18T16:30:31","guid":{"rendered":"https:\/\/comunitaria.ufro.cl\/?page_id=3319"},"modified":"2023-07-18T13:33:58","modified_gmt":"2023-07-18T16:33:58","slug":"el-arte-de-facilitar-como-transformar-una-capacitacion-en-una-experiencia-memorable","status":"publish","type":"page","link":"https:\/\/comunitaria.ufro.cl\/index.php\/el-arte-de-facilitar-como-transformar-una-capacitacion-en-una-experiencia-memorable\/","title":{"rendered":"El Arte de Facilitar: C\u00f3mo transformar una capacitaci\u00f3n en una experiencia memorable"},"content":{"rendered":"\n<p>El Arte de Facilitar busca contribuir a que cualquier persona que est\u00e9 dise\u00f1ando una sesi\u00f3n de aprendizaje o capacitaci\u00f3n tenga aqu\u00ed una referencia y recursos pr\u00e1cticos sobre otras maneras de organizar el aprendizaje y la indagaci\u00f3n creativa. Una atm\u00f3sfera libre y creativa nos brinda la seguridad para atrevernos a pensar por nosotros mismas\/os y la posibilidad de la experiencia nos permite consolidar el aprendizaje. Generar este espacio de aprendizaje creativo y experiencial requiere un m\u00e9todo que se construye organizada y deliberadamente. Esto es lo que hemos plasmado en este libro. Pretendemos que sea una bit\u00e1cora de viaje, un punto de referencia para que cada cual rescate lo que haga m\u00e1s sentido y sobre esto construya su propia experiencia de aprendizaje. Te invitamos a hacerte parte de este viaje y a llenar un largo camino de experiencias \u00a1Gracias por jugar!<\/p>\n\n\n\n<p>\u00a1C\u00f3mpralo aqu\u00ed!<\/p>\n\n\n\n<div class=\"wp-block-buttons is-layout-flex wp-block-buttons-is-layout-flex\">\n<div class=\"wp-block-button\"><a class=\"wp-block-button__link wp-element-button\" href=\"https:\/\/www.amazon.com\/-\/es\/Juanjo-Gutierrez\/dp\/B0C31Z3FLR\" target=\"_blank\" rel=\"noreferrer noopener\">Comprar<\/a><\/div>\n<\/div>\n","protected":false},"excerpt":{"rendered":"<p>El Arte de Facilitar busca contribuir a que cualquier persona que est\u00e9 dise\u00f1ando una sesi\u00f3n de aprendizaje o capacitaci\u00f3n tenga aqu\u00ed una referencia y recursos pr\u00e1cticos sobre otras maneras de organizar el aprendizaje y la indagaci\u00f3n creativa. Una atm\u00f3sfera libre y creativa nos brinda la seguridad para atrevernos a pensar por nosotros mismas\/os y la&hellip; <br \/> <a class=\"button small blue\" href=\"https:\/\/comunitaria.ufro.cl\/index.php\/el-arte-de-facilitar-como-transformar-una-capacitacion-en-una-experiencia-memorable\/\">Leer m\u00e1s<\/a><\/p>\n","protected":false},"author":7,"featured_media":0,"parent":0,"menu_order":0,"comment_status":"closed","ping_status":"closed","template":"","meta":{"footnotes":""},"_links":{"self":[{"href":"https:\/\/comunitaria.ufro.cl\/index.php\/wp-json\/wp\/v2\/pages\/3319"}],"collection":[{"href":"https:\/\/comunitaria.ufro.cl\/index.php\/wp-json\/wp\/v2\/pages"}],"about":[{"href":"https:\/\/comunitaria.ufro.cl\/index.php\/wp-json\/wp\/v2\/types\/page"}],"author":[{"embeddable":true,"href":"https:\/\/comunitaria.ufro.cl\/index.php\/wp-json\/wp\/v2\/users\/7"}],"replies":[{"embeddable":true,"href":"https:\/\/comunitaria.ufro.cl\/index.php\/wp-json\/wp\/v2\/comments?post=3319"}],"version-history":[{"count":2,"href":"https:\/\/comunitaria.ufro.cl\/index.php\/wp-json\/wp\/v2\/pages\/3319\/revisions"}],"predecessor-version":[{"id":3322,"href":"https:\/\/comunitaria.ufro.cl\/index.php\/wp-json\/wp\/v2\/pages\/3319\/revisions\/3322"}],"wp:attachment":[{"href":"https:\/\/comunitaria.ufro.cl\/index.php\/wp-json\/wp\/v2\/media?parent=3319"}],"curies":[{"name":"wp","href":"https:\/\/api.w.org\/{rel}","templated":true}]}}