{"id":3323,"date":"2023-07-18T13:38:09","date_gmt":"2023-07-18T16:38:09","guid":{"rendered":"https:\/\/comunitaria.ufro.cl\/?page_id=3323"},"modified":"2023-07-21T11:36:30","modified_gmt":"2023-07-21T14:36:30","slug":"encrucijadas-en-la-relacion-entre-psicologia-y-politicas-sociales","status":"publish","type":"page","link":"https:\/\/comunitaria.ufro.cl\/index.php\/encrucijadas-en-la-relacion-entre-psicologia-y-politicas-sociales\/","title":{"rendered":"Encrucijadas en la relaci\u00f3n entre psicolog\u00eda y pol\u00edticas sociales"},"content":{"rendered":"\n<p>El entrecruzamiento de la psicolog\u00eda con la acci\u00f3n del Estado a trav\u00e9s de su vinculaci\u00f3n con las pol\u00edticas sociales ha generado un entramado de caminos y v\u00ednculos de interrelaciones en m\u00faltiples \u00e1mbitos, y de efectos diversos, no suficientemente analizados sistem\u00e1ticamente, ni dimensionados en sus efectos, y escasamente discutidos respecto de la proyecci\u00f3n, aprendizajes y desaf\u00edos para la psicolog\u00eda. Los planteamientos te\u00f3ricos, conceptuales y t\u00e9cnicos de la psicolog\u00eda se han relacionado e implicado con los objetos a abordar, con los dise\u00f1os, las implementaciones y las evaluaciones de diversas y numerosas pol\u00edticas sociales. Al tiempo que las pr\u00e1cticas de las\/os psic\u00f3logas\/os se han visto afectadas de maneras muy diferentes por los marcos institucionales estatales que le subyacen, y las din\u00e1micas de actores m\u00faltiples que participan en ello. Caminos que por momentos coinciden virtuosamente, formando nuevas direcciones innovadoras, efectivas y eficientes; sin embargo, tambi\u00e9n pueden volverse contradictorios, demasiado imbricados, hasta convertirse en laberintos engorrosos y, en ocasiones, con riesgo de no tener salida.<\/p>\n\n\n\n<p>El prop\u00f3sito fundamental de este libro es contribuir a la investigaci\u00f3n y el an\u00e1lisis de las implicancias y desaf\u00edos que tiene para el desarrollo disciplinar y profesional de la psicolog\u00eda la participaci\u00f3n en contextos t\u00e9cnicos e institucionales de pol\u00edticas sociales. Con particular \u00e9nfasis en el an\u00e1lisis y discusi\u00f3n de las pol\u00edticas sociales que ponen foco de su acci\u00f3n en fen\u00f3menos en los que destacan dimensiones psicosociales y que implican o demandan la participaci\u00f3n de profesionales de la psicolog\u00eda. Poniendo foco en los efectos y potencialidades que ello tiene en el uso de modelos conceptuales y te\u00f3ricos de la disciplina, y en la configuraci\u00f3n de campos t\u00e9cnicos de ejercicio profesional, intentando dar cuenta de las potencialidades y l\u00edmites que las pol\u00edticas sociales tienen para el desarrollo de la psicolog\u00eda.<\/p>\n\n\n\n<p>Este libro busca hacer un aporte para avanzar en la comprensi\u00f3n de la encrucijada en la que se encuentran la psicolog\u00eda y las pol\u00edticas sociales con componente psicosocial en Chile, tomando como base a\u00f1os de investigaci\u00f3n sobre la inserci\u00f3n de las\/os psic\u00f3logas\/os en pol\u00edticas sociales con componente psicosocial, realizada por el equipo que edita esta obra y cada uno de los autores de cap\u00edtulos. Tiempo en que hemos buscado contribuir desde an\u00e1lisis tanto te\u00f3ricos como emp\u00edricos a entender las implicancias, los riesgos y los desaf\u00edos que tiene dicha inserci\u00f3n. Con el principal prop\u00f3sito de describir y analizar la complejidad de las din\u00e1micas y escenarios de las pol\u00edticas sociales que se enfrenta tanto en la formulaci\u00f3n como en la implementaci\u00f3n de programas y pol\u00edticas con componente psicosocial. Utilizando para ello diversos marcos te\u00f3ricos y metodol\u00f3gicos provistos por el campo de an\u00e1lisis de pol\u00edticas p\u00fablicas.<\/p>\n\n\n\n<p>Esperamos con este libro poder cumplir con el objetivo de describir y analizar la inserci\u00f3n de las\/os psic\u00f3logas\/os y sus campos t\u00e9cnicos en las pol\u00edticas sociales con componentes psicosociales, para as\u00ed poder estimular investigaciones en esta direcci\u00f3n, que permitan desenredar esta compleja encrucijada. Confiamos en poder esclarecer y definir este quehacer profesional, tan complejo en sus dinamismos, como relevante en sus efectos sobre la vida cotidiana de todos y todas, y contribuir a la participaci\u00f3n y compromiso acad\u00e9mico y profesional de la psicolog\u00eda para potenciar pol\u00edticas sociales de mayor calidad, que logren avanzar hacia una sociedad mucho m\u00e1s justa y solidaria.<\/p>\n\n\n\n<p>\u00a1Desc\u00e1rgalo de forma gratuita!<\/p>\n\n\n\n<div class=\"wp-block-buttons is-layout-flex wp-block-buttons-is-layout-flex\">\n<div class=\"wp-block-button\"><a class=\"wp-block-button__link wp-element-button\" href=\"http:\/\/comunitaria.ufro.cl\/wp-content\/uploads\/2023\/07\/Texto-Encrucijadas-Final-.pdf\" target=\"_blank\" rel=\"noreferrer noopener\">DESCARGAR<\/a><\/div>\n<\/div>\n","protected":false},"excerpt":{"rendered":"<p>El entrecruzamiento de la psicolog\u00eda con la acci\u00f3n del Estado a trav\u00e9s de su vinculaci\u00f3n con las pol\u00edticas sociales ha generado un entramado de caminos y v\u00ednculos de interrelaciones en m\u00faltiples \u00e1mbitos, y de efectos diversos, no suficientemente analizados sistem\u00e1ticamente, ni dimensionados en sus efectos, y escasamente discutidos respecto de la proyecci\u00f3n, aprendizajes y desaf\u00edos&hellip; <br \/> <a class=\"button small blue\" href=\"https:\/\/comunitaria.ufro.cl\/index.php\/encrucijadas-en-la-relacion-entre-psicologia-y-politicas-sociales\/\">Leer m\u00e1s<\/a><\/p>\n","protected":false},"author":7,"featured_media":0,"parent":0,"menu_order":0,"comment_status":"closed","ping_status":"closed","template":"","meta":{"footnotes":""},"_links":{"self":[{"href":"https:\/\/comunitaria.ufro.cl\/index.php\/wp-json\/wp\/v2\/pages\/3323"}],"collection":[{"href":"https:\/\/comunitaria.ufro.cl\/index.php\/wp-json\/wp\/v2\/pages"}],"about":[{"href":"https:\/\/comunitaria.ufro.cl\/index.php\/wp-json\/wp\/v2\/types\/page"}],"author":[{"embeddable":true,"href":"https:\/\/comunitaria.ufro.cl\/index.php\/wp-json\/wp\/v2\/users\/7"}],"replies":[{"embeddable":true,"href":"https:\/\/comunitaria.ufro.cl\/index.php\/wp-json\/wp\/v2\/comments?post=3323"}],"version-history":[{"count":2,"href":"https:\/\/comunitaria.ufro.cl\/index.php\/wp-json\/wp\/v2\/pages\/3323\/revisions"}],"predecessor-version":[{"id":3335,"href":"https:\/\/comunitaria.ufro.cl\/index.php\/wp-json\/wp\/v2\/pages\/3323\/revisions\/3335"}],"wp:attachment":[{"href":"https:\/\/comunitaria.ufro.cl\/index.php\/wp-json\/wp\/v2\/media?parent=3323"}],"curies":[{"name":"wp","href":"https:\/\/api.w.org\/{rel}","templated":true}]}}