{"id":3346,"date":"2023-07-31T12:27:31","date_gmt":"2023-07-31T15:27:31","guid":{"rendered":"https:\/\/comunitaria.ufro.cl\/?page_id=3346"},"modified":"2023-09-26T12:19:36","modified_gmt":"2023-09-26T15:19:36","slug":"tesis-magister-psicologia-comunitaria","status":"publish","type":"page","link":"https:\/\/comunitaria.ufro.cl\/index.php\/tesis-magister-psicologia-comunitaria\/","title":{"rendered":"Producci\u00f3n Acad\u00e9mica Psicolog\u00eda Comunitaria"},"content":{"rendered":"\n<h4 class=\"wp-block-heading\">En este espacio encontrar\u00e1s las tesis correspondientes a nuestras cohortes que incluyen diversas tem\u00e1ticas desde la mirada comunitaria centradas en experiencias de rehabilitaci\u00f3n y validaci\u00f3n de instrumentos, salud mental, pol\u00edtica social, enfoque de g\u00e9nero en casos de abuso, fortalecimiento comunitario, migrantes, y satisfacci\u00f3n laboral en interventores, entre otras.<\/h4>\n\n\n\n<p><\/p>\n\n\n\n<hr class=\"wp-block-separator has-alpha-channel-opacity\"\/>\n\n\n\n<ul>\n<li>Abordaje de la intervenci\u00f3n Socio Comunitaria en Programas de Rehabilitaci\u00f3n Psicosocial: Un Estudio de Caso en Dos Dispositivos de las regiones de la Araucan\u00eda y el Bio Bio.<\/li>\n<\/ul>\n\n\n\n<p>Autores: Daniela Avello S\u00e1ez y Alberto Roman Morales<\/p>\n\n\n\n<p><a href=\"http:\/\/comunitaria.ufro.cl\/wp-content\/uploads\/2019\/05\/Tesis-Daniela-Avello-y-Alberto-Rom\u00e1n-Morales.pdf\">Tesis Daniela Avello y Alberto Rom\u00e1n Morales<\/a><\/p>\n\n\n\n<hr class=\"wp-block-separator has-alpha-channel-opacity\"\/>\n\n\n\n<ul>\n<li>Construcci\u00f3n y validaci\u00f3n de un instrumento para la medici\u00f3n de Empoderamiento Comunitario: Un estudio con estudiantes de la Universidad de La Frontera<\/li>\n<\/ul>\n\n\n\n<p>Autores: Lorena Fierro y Naomi Rodas<\/p>\n\n\n\n<p><a href=\"http:\/\/comunitaria.ufro.cl\/wp-content\/uploads\/2019\/08\/Lorena-Fierro-Noemi-Rodas.pdf\">Tesis Lorena Fierro, Noemi Rodas<\/a><\/p>\n\n\n\n<hr class=\"wp-block-separator has-alpha-channel-opacity\"\/>\n\n\n\n<ul>\n<li>Modelo oper\u00e1tico de gesti\u00f3n de redes usando la IAP: Dise\u00f1o, implementaci\u00f3n y evaluaci\u00f3n en Programas de responsabilidad penal adolescente de la Regi\u00f3n de Los R\u00edos<\/li>\n<\/ul>\n\n\n\n<p>Autor: Claudio Andrade<\/p>\n\n\n\n<p><a href=\"http:\/\/comunitaria.ufro.cl\/wp-content\/uploads\/2019\/05\/tesis-Claudio-Andrade.pdf\">Tesis Claudio Andrade<\/a><\/p>\n\n\n\n<hr class=\"wp-block-separator has-alpha-channel-opacity\"\/>\n\n\n\n<ul>\n<li>Incorporaci\u00f3n del Enfoque Psicoeducativo a la Gesti\u00f3n Educativa de la Residencia Familiar Angelmo: una Investigaci\u00f3n Acci\u00f3n<\/li>\n<\/ul>\n\n\n\n<p>Autora: Lidia Canquil<\/p>\n\n\n\n<p><a href=\"http:\/\/comunitaria.ufro.cl\/wp-content\/uploads\/2019\/06\/CanquilAlarconZambrano.pdf\">Tesis Lidia Canquil<\/a><\/p>\n\n\n\n<hr class=\"wp-block-separator has-alpha-channel-opacity\"\/>\n\n\n\n<ul>\n<li>Intersectorialidad en la Reinserci\u00f3n Social de J\u00f3venes Infractores de Ley en la ciudad de Temuco<\/li>\n<\/ul>\n\n\n\n<p>Autora: Ana Chehuaicura<\/p>\n\n\n\n<p><a href=\"http:\/\/comunitaria.ufro.cl\/wp-content\/uploads\/2019\/08\/TESIS-ANA-CHEHUAICURA.pdf\">Tesis Ana Chehuaicura<\/a><\/p>\n\n\n\n<hr class=\"wp-block-separator has-alpha-channel-opacity\"\/>\n\n\n\n<ul>\n<li>Estrategia Comunitaria para la prevenci\u00f3n del consumo de Drogras: Alcances y limitaciones en su implementaci\u00f3n en programas SENDA-Previene de la Regi\u00f3n de la Araucania<\/li>\n<\/ul>\n\n\n\n<p>Autora: Carolina Delgado<\/p>\n\n\n\n<p><a href=\"http:\/\/comunitaria.ufro.cl\/wp-content\/uploads\/2019\/08\/Tesis-Carolina-Delgado.pdf\">Tesis Carolina Delgado<\/a><\/p>\n\n\n\n<hr class=\"wp-block-separator has-alpha-channel-opacity\"\/>\n\n\n\n<ul>\n<li>Desistimiento Delictivo e Identidad de G\u00e9nero, una aproximaci\u00f3n desde los Relatos de Vida de Mujeres<\/li>\n<\/ul>\n\n\n\n<p>Autora: Amanda Emaldia Cerda<\/p>\n\n\n\n<p><a href=\"http:\/\/comunitaria.ufro.cl\/wp-content\/uploads\/2019\/05\/Desistimiento-Delictivo-e-Identidad-de-G\u00e9nero_Amanda-Emald\u00eda-1.pdf\">Tesis Amanda Cerda<\/a><\/p>\n\n\n\n<hr class=\"wp-block-separator has-alpha-channel-opacity\"\/>\n\n\n\n<ul>\n<li>Condiciones para avanzar la acci\u00f3n comunitaria desde las practicas Institucionales: Un estudio de caso en el barrio Vista Verde, Comuna de Temuco<\/li>\n<\/ul>\n\n\n\n<p>Autora: Consuelo Guti\u00e9rrez<\/p>\n\n\n\n<hr class=\"wp-block-separator has-alpha-channel-opacity\"\/>\n\n\n\n<ul>\n<li>Estudio de Seguimiento de ni\u00f1os, ni\u00f1as y adolescentes egresados del Programa de Intervenci\u00f3n Integral Especializada PIE &#8211; 24 Horas<\/li>\n<\/ul>\n\n\n\n<p>Autor: Cristian Miranda<\/p>\n\n\n\n<hr class=\"wp-block-separator has-alpha-channel-opacity\"\/>\n\n\n\n<ul>\n<li>Validaci\u00f3n del Inventario de Recursos Sociocomunitarios centrado en las Redes Focales de adolescentes infractores de ley: IRS-F<\/li>\n<\/ul>\n\n\n\n<p>Autores: Jaime Mu\u00f1oz y Carolina Pincheira<\/p>\n\n\n\n<p><a href=\"http:\/\/comunitaria.ufro.cl\/wp-content\/uploads\/2019\/05\/Jaime-Mu\u00f1oz-Carolina-Pincheira-AUTORIZAN.pdf\">Tesis Jaime Mu\u00f1oz y Carolina Pincheira<\/a><\/p>\n\n\n\n<hr class=\"wp-block-separator has-alpha-channel-opacity\"\/>\n\n\n\n<ul>\n<li>Evaluaci\u00f3n de una estrategia de Formaci\u00f3n de lideres comunitarios para la prevenci\u00f3n del consumo de drogas y alcohol: una experiencia del programa senda- previene Padre las Casas<\/li>\n<\/ul>\n\n\n\n<p>Autor:&nbsp; Iv\u00e1n Neira<\/p>\n\n\n\n<p><a href=\"http:\/\/comunitaria.ufro.cl\/wp-content\/uploads\/2019\/05\/TESIS-IVAN-NEIRA.pdf\">Tesis Ivan Neira<\/a><\/p>\n\n\n\n<hr class=\"wp-block-separator has-alpha-channel-opacity\"\/>\n\n\n\n<ul>\n<li>Modelo comunitario de atenci\u00f3n en salud mental, intervenci\u00f3n sociocomunitaria y rehabilitaci\u00f3n psicosocial: un an\u00e1lisis de su implementaci\u00f3n en dos dispositivos salud mental en la provincia de Osorno.<\/li>\n<\/ul>\n\n\n\n<p>Autora: Antonia Caifil Mart\u00ednez<\/p>\n\n\n\n<p><a href=\"http:\/\/comunitaria.ufro.cl\/wp-content\/uploads\/2019\/08\/Tesis_Antonia-Caifil_Enero-2019.pdf\">Tesis Antonia Caifil<\/a><\/p>\n\n\n\n<hr class=\"wp-block-separator has-alpha-channel-opacity\"\/>\n\n\n\n<ul>\n<li>Psicolog\u00eda en Pol\u00edtica Social: Estudio de caso del aporte del quehacer de los\/las psic\u00f3logos\/as en la implementaci\u00f3n de programas con componente psicosocial<\/li>\n<\/ul>\n\n\n\n<p>autoras: Cristina Arias y Cinthya Delaveau<\/p>\n\n\n\n<p><a href=\"http:\/\/comunitaria.ufro.cl\/wp-content\/uploads\/2019\/08\/Tesis-Cristina-Arias-y-Cinthya-Delaveau.pdf\">Tesis Cristina Arias y Cinthya Delaveau<\/a><\/p>\n\n\n\n<hr class=\"wp-block-separator has-alpha-channel-opacity\"\/>\n\n\n\n<ul>\n<li>Implementar la \u00e9tica en la atenci\u00f3n de salud: Consideraciones previas a partir de un estudio de caso<\/li>\n<\/ul>\n\n\n\n<p>Autora: Camila Aburto<\/p>\n\n\n\n<p><a href=\"http:\/\/comunitaria.ufro.cl\/wp-content\/uploads\/2019\/08\/Tesis.-Camila-Aburto.pdf\">Tesis. Camila Aburto<\/a><\/p>\n\n\n\n<hr class=\"wp-block-separator has-alpha-channel-opacity\"\/>\n\n\n\n<ul>\n<li>La configuraci\u00f3n del Campo T\u00e9cnico del Psic\u00f3logo\/a en las pol\u00edticas sociales: An\u00e1lisis de la implementaci\u00f3n de Programa Preventivo Escolar, Regi\u00f3n de La Araucan\u00eda<\/li>\n<\/ul>\n\n\n\n<p>Autoras: Roc\u00edo Ferreira y Camila Garay<\/p>\n\n\n\n<p><a href=\"http:\/\/comunitaria.ufro.cl\/wp-content\/uploads\/2019\/08\/Tesis-Final-Roc\u00edo-Ferreira-Camila-Garay.pdf\">Tesis Roc\u00edo Ferreira y Camila Garay<\/a><\/p>\n\n\n\n<hr class=\"wp-block-separator has-alpha-channel-opacity\"\/>\n\n\n\n<ul>\n<li>Aplicaci\u00f3n del enfoque de g\u00e9nero en un Programa de reparaci\u00f3n del abuso sexual. Estudio de caso en la regi\u00f3n de Los R\u00edos.<\/li>\n<\/ul>\n\n\n\n<p>Autora: Lodia Flores<\/p>\n\n\n\n<hr class=\"wp-block-separator has-alpha-channel-opacity\"\/>\n\n\n\n<ul>\n<li>La colonialidad en la configuraci\u00f3n de las representaciones sociales de la violencia de g\u00e9nero contra las mujeres mapuche<\/li>\n<\/ul>\n\n\n\n<p>Autora: Sara Yunue<\/p>\n\n\n\n<p><a href=\"http:\/\/comunitaria.ufro.cl\/wp-content\/uploads\/2019\/05\/Sara-Yunue.pdf\">Tesis Sara Yunue<\/a><\/p>\n\n\n\n<hr class=\"wp-block-separator has-alpha-channel-opacity\"\/>\n\n\n\n<ul>\n<li>Evaluaci\u00f3n Participativa de la Din\u00e1mica Psicosocial Comunitaria desde la Perspectiva del Fortalecimiento Comunitario: un estudio de caso en la ciudad de Temuco<\/li>\n<\/ul>\n\n\n\n<p>Autores: Daniel Henr\u00edquez Fern\u00e1ndez y Antonio Sald\u00edas Alarc\u00f3n<\/p>\n\n\n\n<p><a href=\"http:\/\/comunitaria.ufro.cl\/wp-content\/uploads\/2019\/08\/TesisHenriquezSald\u00edas.pdf\">Tesis Daniel Henriquez y Antonio Sald\u00edas<\/a><\/p>\n\n\n\n<hr class=\"wp-block-separator has-alpha-channel-opacity\"\/>\n\n\n\n<ul>\n<li>Subalternizaci\u00f3n y otreizaci\u00f3n en el proceso de la migraci\u00f3n Sur-Sur: An\u00e1lisis de experiencias vividas por mujeres migradas, regi\u00f3n de la Araucan\u00eda<\/li>\n<\/ul>\n\n\n\n<p>Autora: Verena Koch<\/p>\n\n\n\n<p><a href=\"http:\/\/comunitaria.ufro.cl\/wp-content\/uploads\/2019\/08\/Verena-Koch-Santibanez.pdf\">Tesis Verena Koch Santibanez<\/a><\/p>\n\n\n\n<hr class=\"wp-block-separator has-alpha-channel-opacity\"\/>\n\n\n\n<ul>\n<li>Satisfacci\u00f3n laboral de profesionales y t\u00e9cnicos en su quehacer como interventores\/as del Programa Familias en la Regi\u00f3n de la Araucan\u00eda, Chile<\/li>\n<\/ul>\n\n\n\n<p>Autoras: Nicole Nahuelpi y Denisse Pantoja<\/p>\n\n\n\n<p><a href=\"http:\/\/comunitaria.ufro.cl\/wp-content\/uploads\/2019\/05\/Denisse-Pantoja-Nicole-Nahuelpi.pdf\">Tesis Nicole Nahuelpi y Denisse Pantoja<\/a><\/p>\n","protected":false},"excerpt":{"rendered":"<p>En este espacio encontrar\u00e1s las tesis correspondientes a nuestras cohortes que incluyen diversas tem\u00e1ticas desde la mirada comunitaria centradas en experiencias de rehabilitaci\u00f3n y validaci\u00f3n de instrumentos, salud mental, pol\u00edtica social, enfoque de g\u00e9nero en casos de abuso, fortalecimiento comunitario, migrantes, y satisfacci\u00f3n laboral en interventores, entre otras. Autores: Daniela Avello S\u00e1ez y Alberto Roman&hellip; <br \/> <a class=\"button small blue\" href=\"https:\/\/comunitaria.ufro.cl\/index.php\/tesis-magister-psicologia-comunitaria\/\">Leer m\u00e1s<\/a><\/p>\n","protected":false},"author":7,"featured_media":0,"parent":0,"menu_order":0,"comment_status":"closed","ping_status":"closed","template":"","meta":{"footnotes":""},"_links":{"self":[{"href":"https:\/\/comunitaria.ufro.cl\/index.php\/wp-json\/wp\/v2\/pages\/3346"}],"collection":[{"href":"https:\/\/comunitaria.ufro.cl\/index.php\/wp-json\/wp\/v2\/pages"}],"about":[{"href":"https:\/\/comunitaria.ufro.cl\/index.php\/wp-json\/wp\/v2\/types\/page"}],"author":[{"embeddable":true,"href":"https:\/\/comunitaria.ufro.cl\/index.php\/wp-json\/wp\/v2\/users\/7"}],"replies":[{"embeddable":true,"href":"https:\/\/comunitaria.ufro.cl\/index.php\/wp-json\/wp\/v2\/comments?post=3346"}],"version-history":[{"count":4,"href":"https:\/\/comunitaria.ufro.cl\/index.php\/wp-json\/wp\/v2\/pages\/3346\/revisions"}],"predecessor-version":[{"id":3430,"href":"https:\/\/comunitaria.ufro.cl\/index.php\/wp-json\/wp\/v2\/pages\/3346\/revisions\/3430"}],"wp:attachment":[{"href":"https:\/\/comunitaria.ufro.cl\/index.php\/wp-json\/wp\/v2\/media?parent=3346"}],"curies":[{"name":"wp","href":"https:\/\/api.w.org\/{rel}","templated":true}]}}