{"id":3496,"date":"2025-05-06T10:38:42","date_gmt":"2025-05-06T13:38:42","guid":{"rendered":"https:\/\/comunitaria.ufro.cl\/?page_id=3496"},"modified":"2025-05-07T09:56:55","modified_gmt":"2025-05-07T12:56:55","slug":"daniel-henriquez-fernandez","status":"publish","type":"page","link":"https:\/\/comunitaria.ufro.cl\/index.php\/daniel-henriquez-fernandez\/","title":{"rendered":"Daniel Henr\u00edquez Fern\u00e1ndez"},"content":{"rendered":"\n<p>Psic\u00f3logo, Especialista y Mag\u00edster en Psicolog\u00eda Comunitaria por la Universidad de La Frontera, Doctorando en Persona i Societat en el M\u00f3n Contemporani en la Universitat Aut\u00f3noma de Barcelona.<\/p>\n","protected":false},"excerpt":{"rendered":"<p>Psic\u00f3logo, Especialista y Mag\u00edster en Psicolog\u00eda Comunitaria por la Universidad de La Frontera, Doctorando en Persona i Societat en el M\u00f3n Contemporani en la Universitat Aut\u00f3noma de Barcelona.<\/p>\n","protected":false},"author":7,"featured_media":0,"parent":0,"menu_order":0,"comment_status":"closed","ping_status":"closed","template":"","meta":{"footnotes":""},"_links":{"self":[{"href":"https:\/\/comunitaria.ufro.cl\/index.php\/wp-json\/wp\/v2\/pages\/3496"}],"collection":[{"href":"https:\/\/comunitaria.ufro.cl\/index.php\/wp-json\/wp\/v2\/pages"}],"about":[{"href":"https:\/\/comunitaria.ufro.cl\/index.php\/wp-json\/wp\/v2\/types\/page"}],"author":[{"embeddable":true,"href":"https:\/\/comunitaria.ufro.cl\/index.php\/wp-json\/wp\/v2\/users\/7"}],"replies":[{"embeddable":true,"href":"https:\/\/comunitaria.ufro.cl\/index.php\/wp-json\/wp\/v2\/comments?post=3496"}],"version-history":[{"count":3,"href":"https:\/\/comunitaria.ufro.cl\/index.php\/wp-json\/wp\/v2\/pages\/3496\/revisions"}],"predecessor-version":[{"id":3524,"href":"https:\/\/comunitaria.ufro.cl\/index.php\/wp-json\/wp\/v2\/pages\/3496\/revisions\/3524"}],"wp:attachment":[{"href":"https:\/\/comunitaria.ufro.cl\/index.php\/wp-json\/wp\/v2\/media?parent=3496"}],"curies":[{"name":"wp","href":"https:\/\/api.w.org\/{rel}","templated":true}]}}