{"id":3500,"date":"2025-05-07T07:05:23","date_gmt":"2025-05-07T10:05:23","guid":{"rendered":"https:\/\/comunitaria.ufro.cl\/?page_id=3500"},"modified":"2025-05-07T07:05:23","modified_gmt":"2025-05-07T10:05:23","slug":"sandra-riquelme-sandoval","status":"publish","type":"page","link":"https:\/\/comunitaria.ufro.cl\/index.php\/sandra-riquelme-sandoval\/","title":{"rendered":"Sandra Riquelme Sandoval"},"content":{"rendered":"\n<p>Asistente Social, Universidad de La Frontera.<br><\/p>\n\n\n\n<p>Mag\u00edster en Ciencias Sociales Aplicadas, Universidad de La Frontera.<br><\/p>\n\n\n\n<p>Doctora en Procesos Sociales y Pol\u00edticos en Am\u00e9rica Latina, con menci\u00f3n en Ciencias Pol\u00edticas, Universidad Artes y Ciencias Sociales, ARCIS.<\/p>\n","protected":false},"excerpt":{"rendered":"<p>Asistente Social, Universidad de La Frontera. Mag\u00edster en Ciencias Sociales Aplicadas, Universidad de La Frontera. Doctora en Procesos Sociales y Pol\u00edticos en Am\u00e9rica Latina, con menci\u00f3n en Ciencias Pol\u00edticas, Universidad Artes y Ciencias Sociales, ARCIS.<\/p>\n","protected":false},"author":7,"featured_media":0,"parent":0,"menu_order":0,"comment_status":"closed","ping_status":"closed","template":"","meta":{"footnotes":""},"_links":{"self":[{"href":"https:\/\/comunitaria.ufro.cl\/index.php\/wp-json\/wp\/v2\/pages\/3500"}],"collection":[{"href":"https:\/\/comunitaria.ufro.cl\/index.php\/wp-json\/wp\/v2\/pages"}],"about":[{"href":"https:\/\/comunitaria.ufro.cl\/index.php\/wp-json\/wp\/v2\/types\/page"}],"author":[{"embeddable":true,"href":"https:\/\/comunitaria.ufro.cl\/index.php\/wp-json\/wp\/v2\/users\/7"}],"replies":[{"embeddable":true,"href":"https:\/\/comunitaria.ufro.cl\/index.php\/wp-json\/wp\/v2\/comments?post=3500"}],"version-history":[{"count":1,"href":"https:\/\/comunitaria.ufro.cl\/index.php\/wp-json\/wp\/v2\/pages\/3500\/revisions"}],"predecessor-version":[{"id":3501,"href":"https:\/\/comunitaria.ufro.cl\/index.php\/wp-json\/wp\/v2\/pages\/3500\/revisions\/3501"}],"wp:attachment":[{"href":"https:\/\/comunitaria.ufro.cl\/index.php\/wp-json\/wp\/v2\/media?parent=3500"}],"curies":[{"name":"wp","href":"https:\/\/api.w.org\/{rel}","templated":true}]}}