{"id":3502,"date":"2025-05-07T07:06:55","date_gmt":"2025-05-07T10:06:55","guid":{"rendered":"https:\/\/comunitaria.ufro.cl\/?page_id=3502"},"modified":"2025-05-07T07:06:55","modified_gmt":"2025-05-07T10:06:55","slug":"vaite-trujillo-burgos","status":"publish","type":"page","link":"https:\/\/comunitaria.ufro.cl\/index.php\/vaite-trujillo-burgos\/","title":{"rendered":"Vaite Trujillo Burgos"},"content":{"rendered":"\n<p>Psic\u00f3loga y Mag\u00edster en Psicolog\u00eda Comunitaria por la Universidad de La Frontera<\/p>\n","protected":false},"excerpt":{"rendered":"<p>Psic\u00f3loga y Mag\u00edster en Psicolog\u00eda Comunitaria por la Universidad de La Frontera<\/p>\n","protected":false},"author":7,"featured_media":0,"parent":0,"menu_order":0,"comment_status":"closed","ping_status":"closed","template":"","meta":{"footnotes":""},"_links":{"self":[{"href":"https:\/\/comunitaria.ufro.cl\/index.php\/wp-json\/wp\/v2\/pages\/3502"}],"collection":[{"href":"https:\/\/comunitaria.ufro.cl\/index.php\/wp-json\/wp\/v2\/pages"}],"about":[{"href":"https:\/\/comunitaria.ufro.cl\/index.php\/wp-json\/wp\/v2\/types\/page"}],"author":[{"embeddable":true,"href":"https:\/\/comunitaria.ufro.cl\/index.php\/wp-json\/wp\/v2\/users\/7"}],"replies":[{"embeddable":true,"href":"https:\/\/comunitaria.ufro.cl\/index.php\/wp-json\/wp\/v2\/comments?post=3502"}],"version-history":[{"count":1,"href":"https:\/\/comunitaria.ufro.cl\/index.php\/wp-json\/wp\/v2\/pages\/3502\/revisions"}],"predecessor-version":[{"id":3504,"href":"https:\/\/comunitaria.ufro.cl\/index.php\/wp-json\/wp\/v2\/pages\/3502\/revisions\/3504"}],"wp:attachment":[{"href":"https:\/\/comunitaria.ufro.cl\/index.php\/wp-json\/wp\/v2\/media?parent=3502"}],"curies":[{"name":"wp","href":"https:\/\/api.w.org\/{rel}","templated":true}]}}